{"id":11230,"date":"2022-11-25T08:13:47","date_gmt":"2022-11-25T07:13:47","guid":{"rendered":"https:\/\/hep-industrie.com\/kunden\/telekommunikation\/"},"modified":"2023-08-07T17:57:50","modified_gmt":"2023-08-07T15:57:50","slug":"telekommunikation","status":"publish","type":"page","link":"https:\/\/hep-industrie.com\/de\/kunden\/telekommunikation\/","title":{"rendered":"Telekommunikation"},"content":{"rendered":"<p>[et_pb_section fb_built=&#8220;1&#8243; _builder_version=&#8220;4.16&#8243; _module_preset=&#8220;default&#8220; custom_padding=&#8220;0px||0px|||&#8220; global_colors_info=&#8220;{}&#8220;][et_pb_row column_structure=&#8220;1_2,1_2&#8243; use_custom_gutter=&#8220;on&#8220; gutter_width=&#8220;1&#8243; make_equal=&#8220;on&#8220; _builder_version=&#8220;4.16&#8243; _module_preset=&#8220;default&#8220; background_image=&#8220;https:\/\/hep-industrie.com\/wp-content\/uploads\/2017\/04\/t20-14_resultat.jpg&#8220; width=&#8220;100%&#8220; max_width=&#8220;100%&#8220; min_height=&#8220;400px&#8220; custom_margin=&#8220;||||false|false&#8220; custom_padding=&#8220;0px||0px|0px|false|false&#8220; global_colors_info=&#8220;{}&#8220;][et_pb_column type=&#8220;1_2&#8243; _builder_version=&#8220;4.16&#8243; _module_preset=&#8220;default&#8220; background_image=&#8220;https:\/\/hep-industrie.com\/wp-content\/uploads\/2017\/04\/t20-14_resultat.jpg&#8220; global_colors_info=&#8220;{}&#8220;][et_pb_image src=&#8220;https:\/\/hep-industrie.com\/wp-content\/uploads\/2017\/04\/t20-14_resultat.jpg&#8220; alt=&#8220;Kran-Bohrger\u00e4ten TL23&#8243; title_text=&#8220;t20 14_resultat&#8220; disabled_on=&#8220;off|off|on&#8220; _builder_version=&#8220;4.16&#8243; _module_preset=&#8220;default&#8220; background_enable_image=&#8220;off&#8220; global_colors_info=&#8220;{}&#8220;][\/et_pb_image][\/et_pb_column][et_pb_column type=&#8220;1_2&#8243; admin_label=&#8220;Colonne&#8220; _builder_version=&#8220;4.16&#8243; _module_preset=&#8220;default&#8220; background_color=&#8220;#3c3c3b&#8220; custom_padding=&#8220;2%|5%|2%|5%|true|true&#8220; global_colors_info=&#8220;{}&#8220;][et_pb_post_title meta=&#8220;off&#8220; featured_image=&#8220;off&#8220; _builder_version=&#8220;4.16&#8243; _module_preset=&#8220;default&#8220; title_text_color=&#8220;#FFFFFF&#8220; global_colors_info=&#8220;{}&#8220;][\/et_pb_post_title][et_pb_divider color=&#8220;#e30613&#8243; divider_weight=&#8220;5px&#8220; _builder_version=&#8220;4.16&#8243; _module_preset=&#8220;default&#8220; width=&#8220;25%&#8220; custom_margin=&#8220;||||false|false&#8220; global_colors_info=&#8220;{}&#8220;][\/et_pb_divider][et_pb_text _builder_version=&#8220;4.19.1&#8243; _module_preset=&#8220;default&#8220; text_font=&#8220;||||||||&#8220; text_text_color=&#8220;#FFFFFF&#8220; link_text_color=&#8220;#E02B20&#8243; header_2_text_color=&#8220;#FFFFFF&#8220; text_orientation=&#8220;justified&#8220; global_colors_info=&#8220;{}&#8220;]<\/p>\n<p><span>Entdecken Sie unser Produktprogramm f\u00fcr Telekommunikation. Hier finden sie die passenden Werkzeuge, Kran-Bohrger\u00e4te und Ziehwinden f\u00fcr die Verlegung von Glasfaserkabeln (Ausbau FTTH und \u00f6ffentlich initiierte Netze (RIP)). Auf der Basis von 25-j\u00e4hriger Erfahrung und einem Maschinenpark mit mehr als 300 Ger\u00e4ten bieten wir Ihnen ein Programm, das alle Anforderungen beim Setzen von Masten f\u00fcr selbsttragende Kabel (SETRA) erf\u00fcllt, auch in harten B\u00f6den.<\/span><\/p>\n<p><span>Denken Sie auch an das richtige Hydraulikzubeh\u00f6r, mit dem Sie Ihre Produktivit\u00e4t erheblich steigern k\u00f6nnen: hydraulische Haspel, <a href=\"https:\/\/hep-industrie.com\/de\/pfahlziehers\/\">Pfahlzieher<\/a>, Stampfer&#8230;<\/span><\/p>\n<p><span>Kran-Bohrger\u00e4te f\u00fcr Telekommunikationsnetze<\/span><\/p>\n<p>[\/et_pb_text][\/et_pb_column][\/et_pb_row][\/et_pb_section][et_pb_section fb_built=&#8220;1&#8243; _builder_version=&#8220;4.16&#8243; custom_margin=&#8220;0px||||false|false&#8220; custom_padding=&#8220;0px||||false|false&#8220; global_colors_info=&#8220;{}&#8220;][et_pb_row _builder_version=&#8220;4.16&#8243; _module_preset=&#8220;default&#8220; global_colors_info=&#8220;{}&#8220;][et_pb_column type=&#8220;4_4&#8243; _builder_version=&#8220;4.16&#8243; _module_preset=&#8220;default&#8220; global_colors_info=&#8220;{}&#8220;][et_pb_text _builder_version=&#8220;4.16&#8243; _module_preset=&#8220;default&#8220; header_font_size=&#8220;21px&#8220; header_2_font_size=&#8220;214%&#8220; global_colors_info=&#8220;{}&#8220;]<\/p>\n<h2>Kran-Bohrger\u00e4ten speziell f\u00fcr die Telekommunikationsbranche<\/h2>\n<p>[\/et_pb_text][et_pb_divider color=&#8220;#e30613&#8243; divider_weight=&#8220;5px&#8220; admin_label=&#8220;S\u00e9parateur&#8220; _builder_version=&#8220;4.16&#8243; _module_preset=&#8220;default&#8220; width=&#8220;12%&#8220; custom_margin=&#8220;-30px||||false|false&#8220; global_colors_info=&#8220;{}&#8220;][\/et_pb_divider][\/et_pb_column][\/et_pb_row][et_pb_row column_structure=&#8220;1_2,1_2&#8243; _builder_version=&#8220;4.16&#8243; _module_preset=&#8220;default&#8220; width=&#8220;67%&#8220; global_colors_info=&#8220;{}&#8220;][et_pb_column type=&#8220;1_2&#8243; _builder_version=&#8220;4.16&#8243; _module_preset=&#8220;default&#8220; global_colors_info=&#8220;{}&#8220;][et_pb_image src=&#8220;https:\/\/hep-industrie.com\/wp-content\/uploads\/2017\/04\/telecom20-b_resultat-1.jpg&#8220; alt=&#8220;Kran-Bohrger\u00e4ten TELECOM20&#8243; title_text=&#8220;Telekommunikation20-b_resultat&#8220; url=&#8220;@ET-DC@eyJkeW5hbWljIjp0cnVlLCJjb250ZW50IjoicG9zdF9saW5rX3VybF9mb3JldXNlcy1ncnVlcyIsInNldHRpbmdzIjp7InBvc3RfaWQiOiI0NDEifX0=@&#8220; use_overlay=&#8220;on&#8220; overlay_icon_color=&#8220;#FFFFFF&#8220; hover_overlay_color=&#8220;rgba(226,0,15,0.33)&#8220; hover_icon=&#8220;&#x55;||divi||400&#8243; align=&#8220;center&#8220; _builder_version=&#8220;4.16&#8243; _dynamic_attributes=&#8220;url&#8220; _module_preset=&#8220;default&#8220; height=&#8220;240px&#8220; global_colors_info=&#8220;{}&#8220; src__hover_enabled=&#8220;off|hover&#8220; background__hover_enabled=&#8220;off|hover&#8220;][\/et_pb_image][et_pb_text _builder_version=&#8220;4.19.2&#8243; _dynamic_attributes=&#8220;link_option_url&#8220; _module_preset=&#8220;default&#8220; text_font=&#8220;||||||||&#8220; header_4_font=&#8220;|||on|||||&#8220; header_4_font_size=&#8220;21px&#8220; text_orientation=&#8220;center&#8220; link_option_url=&#8220;@ET-DC@eyJkeW5hbWljIjp0cnVlLCJjb250ZW50IjoicG9zdF9saW5rX3VybF9mb3JldXNlcy1ncnVlcyIsInNldHRpbmdzIjp7InBvc3RfaWQiOiI0NDEifX0=@&#8220; global_colors_info=&#8220;{}&#8220;]<\/p>\n<h4>TELECOM 20<\/h4>\n<p><span>Die TELECOM 20 ist ein speziell f\u00fcr Telekommunikation ausgelegtes Kran-Bohrger\u00e4t. Sie ist \u00e4u\u00dferst effizient bei Erdbohrungen (in allen B\u00f6den, harte, steinige, kalkhaltige B\u00f6den) und beim Setzen von Masten.<\/span><\/p>\n<p>[\/et_pb_text][\/et_pb_column][et_pb_column type=&#8220;1_2&#8243; _builder_version=&#8220;4.16&#8243; _module_preset=&#8220;default&#8220; global_colors_info=&#8220;{}&#8220;][et_pb_image src=&#8220;https:\/\/hep-industrie.com\/wp-content\/uploads\/2017\/04\/T20FDT-6R-1-e1568620566217_resultat.jpg&#8220; alt=&#8220;foreuse grue Telecom20 fond de trou&#8220; title_text=&#8220;foreuses grues fond de trou&#8220; url=&#8220;@ET-DC@eyJkeW5hbWljIjp0cnVlLCJjb250ZW50IjoicG9zdF9saW5rX3VybF9mb3JldXNlcy1ncnVlcyIsInNldHRpbmdzIjp7InBvc3RfaWQiOiIxMzc4In19@&#8220; use_overlay=&#8220;on&#8220; overlay_icon_color=&#8220;#FFFFFF&#8220; hover_overlay_color=&#8220;rgba(226,0,15,0.33)&#8220; hover_icon=&#8220;&#x55;||divi||400&#8243; align=&#8220;center&#8220; _builder_version=&#8220;4.16&#8243; _dynamic_attributes=&#8220;url&#8220; _module_preset=&#8220;default&#8220; height=&#8220;240px&#8220; global_colors_info=&#8220;{}&#8220; src__hover_enabled=&#8220;off|hover&#8220; background__hover_enabled=&#8220;off|hover&#8220;][\/et_pb_image][et_pb_text _builder_version=&#8220;4.19.2&#8243; _dynamic_attributes=&#8220;link_option_url&#8220; _module_preset=&#8220;default&#8220; text_font=&#8220;||||||||&#8220; header_4_font=&#8220;|||on|||||&#8220; header_4_font_size=&#8220;21px&#8220; text_orientation=&#8220;center&#8220; link_option_url=&#8220;@ET-DC@eyJkeW5hbWljIjp0cnVlLCJjb250ZW50IjoicG9zdF9saW5rX3VybF9mb3JldXNlcy1ncnVlcyIsInNldHRpbmdzIjp7InBvc3RfaWQiOiIxMzc4In19@&#8220; global_colors_info=&#8220;{}&#8220;]<\/p>\n<h4>TELECOM 20 DTH<\/h4>\n<p><span>Die TELECOM 20 DTH weist die gleichen technischen Daten auf wie die TELECOM 20. Die DTH-Version ist allerdings mit einem DTH-Hammermei\u00dfel ausger\u00fcstet.<\/span><\/p>\n<p>[\/et_pb_text][\/et_pb_column][\/et_pb_row][\/et_pb_section][et_pb_section fb_built=&#8220;1&#8243; _builder_version=&#8220;4.16&#8243; custom_margin=&#8220;0px||||false|false&#8220; custom_padding=&#8220;0px||||false|false&#8220; global_colors_info=&#8220;{}&#8220;][et_pb_row _builder_version=&#8220;4.16&#8243; _module_preset=&#8220;default&#8220; global_colors_info=&#8220;{}&#8220;][et_pb_column type=&#8220;4_4&#8243; _builder_version=&#8220;4.16&#8243; _module_preset=&#8220;default&#8220; global_colors_info=&#8220;{}&#8220;][et_pb_text _builder_version=&#8220;4.16&#8243; _module_preset=&#8220;default&#8220; header_font_size=&#8220;21px&#8220; header_2_text_align=&#8220;left&#8220; header_2_font_size=&#8220;214%&#8220; global_colors_info=&#8220;{}&#8220;]<\/p>\n<h2>Ziehwinden speziell f\u00fcr die Telekommunikationsbranche<\/h2>\n<p>[\/et_pb_text][et_pb_divider color=&#8220;#e30613&#8243; divider_weight=&#8220;5px&#8220; admin_label=&#8220;S\u00e9parateur&#8220; _builder_version=&#8220;4.16&#8243; _module_preset=&#8220;default&#8220; width=&#8220;12%&#8220; custom_margin=&#8220;-30px||||false|false&#8220; global_colors_info=&#8220;{}&#8220;][\/et_pb_divider][\/et_pb_column][\/et_pb_row][et_pb_row column_structure=&#8220;1_3,1_3,1_3&#8243; _builder_version=&#8220;4.19.2&#8243; _module_preset=&#8220;default&#8220; global_colors_info=&#8220;{}&#8220;][et_pb_column type=&#8220;1_3&#8243; _builder_version=&#8220;4.16&#8243; _module_preset=&#8220;default&#8220; global_colors_info=&#8220;{}&#8220;][et_pb_image src=&#8220;https:\/\/hep-industrie.com\/wp-content\/uploads\/2021\/09\/TR-3000-A_resultat.jpg&#8220; alt=&#8220;Ziehwinden tr3000&#8243; title_text=&#8220;TR 3000 A_resultat&#8220; url=&#8220;@ET-DC@eyJkeW5hbWljIjp0cnVlLCJjb250ZW50IjoicG9zdF9saW5rX3VybF90cmV1aWxzLWRlLXRpcmFnZSIsInNldHRpbmdzIjp7InBvc3RfaWQiOiIxMDk2MCJ9fQ==@&#8220; use_overlay=&#8220;on&#8220; overlay_icon_color=&#8220;#FFFFFF&#8220; hover_overlay_color=&#8220;rgba(226,0,15,0.33)&#8220; hover_icon=&#8220;&#x55;||divi||400&#8243; align=&#8220;center&#8220; _builder_version=&#8220;4.19.2&#8243; _dynamic_attributes=&#8220;url&#8220; _module_preset=&#8220;default&#8220; height=&#8220;240px&#8220; global_colors_info=&#8220;{}&#8220; src__hover_enabled=&#8220;off|hover&#8220; background__hover_enabled=&#8220;off|hover&#8220;][\/et_pb_image][et_pb_text _builder_version=&#8220;4.19.2&#8243; _dynamic_attributes=&#8220;link_option_url&#8220; _module_preset=&#8220;default&#8220; header_4_font_size=&#8220;21px&#8220; header_4_line_height=&#8220;1.5em&#8220; link_option_url=&#8220;@ET-DC@eyJkeW5hbWljIjp0cnVlLCJjb250ZW50IjoicG9zdF9saW5rX3VybF90cmV1aWxzLWRlLXRpcmFnZSIsInNldHRpbmdzIjp7InBvc3RfaWQiOiIxMDk2MCJ9fQ==@&#8220; global_colors_info=&#8220;{}&#8220;]<\/p>\n<h4 style=\"text-align: center;\">Ziehwinde auf Anh\u00e4nger<br \/>TR3000 EVO<\/h4>\n<p style=\"text-align: center;\">NEU<\/p>\n<p style=\"text-align: center;\">Die Ziehwinde auf Anh\u00e4nger ist eine Hydraulikwinde mit zwei Spillk\u00f6pfen und Drehzahlregelung.<\/p>\n<p>[\/et_pb_text][\/et_pb_column][et_pb_column type=&#8220;1_3&#8243; _builder_version=&#8220;4.16&#8243; _module_preset=&#8220;default&#8220; global_colors_info=&#8220;{}&#8220;][et_pb_image src=&#8220;https:\/\/hep-industrie.com\/wp-content\/uploads\/2017\/06\/TR1000-LKN.jpg&#8220; alt=&#8220;Ziehwinde TR1000 auf Tr\u00e4gerfahrzeug &#8220; title_text=&#8220;TR1000&#8243; url=&#8220;@ET-DC@eyJkeW5hbWljIjp0cnVlLCJjb250ZW50IjoicG9zdF9saW5rX3VybF90cmV1aWxzLWRlLXRpcmFnZSIsInNldHRpbmdzIjp7InBvc3RfaWQiOiIxMDk1MCJ9fQ==@&#8220; use_overlay=&#8220;on&#8220; overlay_icon_color=&#8220;#FFFFFF&#8220; hover_overlay_color=&#8220;rgba(226,0,15,0.33)&#8220; hover_icon=&#8220;&#x55;||divi||400&#8243; align=&#8220;center&#8220; _builder_version=&#8220;4.19.2&#8243; _dynamic_attributes=&#8220;url&#8220; _module_preset=&#8220;default&#8220; height=&#8220;240px&#8220; global_colors_info=&#8220;{}&#8220; src__hover_enabled=&#8220;off|hover&#8220; background__hover_enabled=&#8220;off|hover&#8220;][\/et_pb_image][et_pb_text _builder_version=&#8220;4.19.2&#8243; _dynamic_attributes=&#8220;link_option_url&#8220; _module_preset=&#8220;default&#8220; header_4_font_size=&#8220;21px&#8220; header_4_line_height=&#8220;1.5em&#8220; link_option_url=&#8220;@ET-DC@eyJkeW5hbWljIjp0cnVlLCJjb250ZW50IjoicG9zdF9saW5rX3VybF90cmV1aWxzLWRlLXRpcmFnZSIsInNldHRpbmdzIjp7InBvc3RfaWQiOiIxMDk1MCJ9fQ==@&#8220; global_colors_info=&#8220;{}&#8220;]<\/p>\n<h4 style=\"text-align: center;\">Ziehwinde auf Tr\u00e4gerfahrzeug TR1000<\/h4>\n<p style=\"text-align: center;\">NEU<\/p>\n<p style=\"text-align: center;\">Ziehwinde TR1000 auf Tr\u00e4gerfahrzeug f\u00fcr Telekommunikationsnetze, zwei Spillk\u00f6pfe, Drehzahlregelung<\/p>\n<p>[\/et_pb_text][\/et_pb_column][et_pb_column type=&#8220;1_3&#8243; _builder_version=&#8220;4.16&#8243; _module_preset=&#8220;default&#8220; global_colors_info=&#8220;{}&#8220;][et_pb_image src=&#8220;https:\/\/hep-industrie.com\/wp-content\/uploads\/2019\/08\/2500-c-sur-remorque-3.jpg&#8220; alt=&#8220;Ziehwinde auf Tr\u00e4gerfahrzeug TR3000C EVO&#8220; title_text=&#8220;Ziehwinde auf Tr\u00e4gerfahrzeug TR3000C EVO&#8220; url=&#8220;@ET-DC@eyJkeW5hbWljIjp0cnVlLCJjb250ZW50IjoicG9zdF9saW5rX3VybF90cmV1aWxzLWRlLXRpcmFnZSIsInNldHRpbmdzIjp7InBvc3RfaWQiOiIxMTM3NyJ9fQ==@&#8220; use_overlay=&#8220;on&#8220; overlay_icon_color=&#8220;#FFFFFF&#8220; hover_overlay_color=&#8220;rgba(226,0,15,0.33)&#8220; hover_icon=&#8220;&#x55;||divi||400&#8243; _builder_version=&#8220;4.19.2&#8243; _dynamic_attributes=&#8220;url&#8220; _module_preset=&#8220;default&#8220; global_colors_info=&#8220;{}&#8220;][\/et_pb_image][et_pb_text _builder_version=&#8220;4.19.2&#8243; _dynamic_attributes=&#8220;link_option_url&#8220; _module_preset=&#8220;default&#8220; header_4_font_size=&#8220;21px&#8220; header_4_line_height=&#8220;1.5em&#8220; link_option_url=&#8220;@ET-DC@eyJkeW5hbWljIjp0cnVlLCJjb250ZW50IjoicG9zdF9saW5rX3VybF90cmV1aWxzLWRlLXRpcmFnZSIsInNldHRpbmdzIjp7InBvc3RfaWQiOiIxMTM3NyJ9fQ==@&#8220; hover_enabled=&#8220;0&#8243; global_colors_info=&#8220;{}&#8220; sticky_enabled=&#8220;0&#8243;]<\/p>\n<h4 style=\"text-align: center;\">Ziehwinde auf Anh\u00e4nger<br \/>TR3000C EVO<\/h4>\n<p style=\"text-align: center;\">NEU<\/p>\n<p style=\"text-align: center;\">TR3000C Ziehwinde auf Anh\u00e4nger, Hydraulikwinde mit zwei Spillk\u00f6pfen, speziell f\u00fcr Stromversorgungsnetze.<\/p>\n<p style=\"text-align: center;\">[\/et_pb_text][\/et_pb_column][\/et_pb_row][\/et_pb_section]<\/p>\n","protected":false},"excerpt":{"rendered":"<p>Entdecken Sie unser Produktprogramm f\u00fcr Telekommunikation. Hier finden sie die passenden Werkzeuge, Kran-Bohrger\u00e4te und Ziehwinden f\u00fcr die Verlegung von Glasfaserkabeln (Ausbau FTTH und \u00f6ffentlich initiierte Netze (RIP)). Auf der Basis von 25-j\u00e4hriger Erfahrung und einem Maschinenpark mit mehr als 300 Ger\u00e4ten bieten wir Ihnen ein Programm, das alle Anforderungen beim Setzen von Masten f\u00fcr selbsttragende [&hellip;]<\/p>\n","protected":false},"author":2,"featured_media":10146,"parent":11167,"menu_order":0,"comment_status":"closed","ping_status":"closed","template":"","meta":{"_et_pb_use_builder":"on","_et_pb_old_content":"","_et_gb_content_width":"","footnotes":""},"secteur-d-activite":[],"class_list":["post-11230","page","type-page","status-publish","has-post-thumbnail","hentry"],"yoast_head":"<!-- This site is optimized with the Yoast SEO plugin v27.4 - https:\/\/yoast.com\/product\/yoast-seo-wordpress\/ -->\n<title>Telekommunikation - HEP Industrie<\/title>\n<meta name=\"description\" content=\"Hier finden Sie all unsere Produkte f\u00fcr Telekommunikation, Kran-Bohrger\u00e4te und mobile Ziehwinden, auf Tr\u00e4gerfahrzeugen oder Anh\u00e4ngern.\" \/>\n<meta name=\"robots\" content=\"index, follow, max-snippet:-1, max-image-preview:large, max-video-preview:-1\" \/>\n<link rel=\"canonical\" href=\"https:\/\/hep-industrie.com\/de\/kunden\/telekommunikation\/\" \/>\n<meta property=\"og:locale\" content=\"de_DE\" \/>\n<meta property=\"og:type\" content=\"article\" \/>\n<meta property=\"og:title\" content=\"Telekommunikation - HEP Industrie\" \/>\n<meta property=\"og:description\" content=\"Hier finden Sie all unsere Produkte f\u00fcr Telekommunikation, Kran-Bohrger\u00e4te und mobile Ziehwinden, auf Tr\u00e4gerfahrzeugen oder Anh\u00e4ngern.\" \/>\n<meta property=\"og:url\" content=\"https:\/\/hep-industrie.com\/de\/kunden\/telekommunikation\/\" \/>\n<meta property=\"og:site_name\" content=\"HEP Industrie\" \/>\n<meta property=\"article:modified_time\" content=\"2023-08-07T15:57:50+00:00\" \/>\n<meta property=\"og:image\" content=\"https:\/\/hep-industrie.com\/wp-content\/uploads\/2019\/07\/T20-5R-1.jpg\" \/>\n\t<meta property=\"og:image:width\" content=\"1024\" \/>\n\t<meta property=\"og:image:height\" content=\"768\" \/>\n\t<meta property=\"og:image:type\" content=\"image\/jpeg\" \/>\n<meta name=\"twitter:card\" content=\"summary_large_image\" \/>\n<meta name=\"twitter:label1\" content=\"Gesch\u00e4tzte Lesezeit\" \/>\n\t<meta name=\"twitter:data1\" content=\"7\u00a0Minuten\" \/>\n<script type=\"application\/ld+json\" class=\"yoast-schema-graph\">{\"@context\":\"https:\\\/\\\/schema.org\",\"@graph\":[{\"@type\":\"WebPage\",\"@id\":\"https:\\\/\\\/hep-industrie.com\\\/de\\\/kunden\\\/telekommunikation\\\/\",\"url\":\"https:\\\/\\\/hep-industrie.com\\\/de\\\/kunden\\\/telekommunikation\\\/\",\"name\":\"Telekommunikation - HEP Industrie\",\"isPartOf\":{\"@id\":\"https:\\\/\\\/hep-industrie.com\\\/de\\\/#website\"},\"primaryImageOfPage\":{\"@id\":\"https:\\\/\\\/hep-industrie.com\\\/de\\\/kunden\\\/telekommunikation\\\/#primaryimage\"},\"image\":{\"@id\":\"https:\\\/\\\/hep-industrie.com\\\/de\\\/kunden\\\/telekommunikation\\\/#primaryimage\"},\"thumbnailUrl\":\"https:\\\/\\\/hep-industrie.com\\\/wp-content\\\/uploads\\\/2019\\\/07\\\/T20-5R-1.jpg\",\"datePublished\":\"2022-11-25T07:13:47+00:00\",\"dateModified\":\"2023-08-07T15:57:50+00:00\",\"description\":\"Hier finden Sie all unsere Produkte f\u00fcr Telekommunikation, Kran-Bohrger\u00e4te und mobile Ziehwinden, auf Tr\u00e4gerfahrzeugen oder Anh\u00e4ngern.\",\"breadcrumb\":{\"@id\":\"https:\\\/\\\/hep-industrie.com\\\/de\\\/kunden\\\/telekommunikation\\\/#breadcrumb\"},\"inLanguage\":\"de\",\"potentialAction\":[{\"@type\":\"ReadAction\",\"target\":[\"https:\\\/\\\/hep-industrie.com\\\/de\\\/kunden\\\/telekommunikation\\\/\"]}]},{\"@type\":\"ImageObject\",\"inLanguage\":\"de\",\"@id\":\"https:\\\/\\\/hep-industrie.com\\\/de\\\/kunden\\\/telekommunikation\\\/#primaryimage\",\"url\":\"https:\\\/\\\/hep-industrie.com\\\/wp-content\\\/uploads\\\/2019\\\/07\\\/T20-5R-1.jpg\",\"contentUrl\":\"https:\\\/\\\/hep-industrie.com\\\/wp-content\\\/uploads\\\/2019\\\/07\\\/T20-5R-1.jpg\",\"width\":1024,\"height\":768,\"caption\":\"Telekommunikation\"},{\"@type\":\"BreadcrumbList\",\"@id\":\"https:\\\/\\\/hep-industrie.com\\\/de\\\/kunden\\\/telekommunikation\\\/#breadcrumb\",\"itemListElement\":[{\"@type\":\"ListItem\",\"position\":1,\"name\":\"Startseite\",\"item\":\"https:\\\/\\\/hep-industrie.com\\\/de\\\/hersteller-und-reparaturservice-fuer-hydraulikmaschinen\\\/\"},{\"@type\":\"ListItem\",\"position\":2,\"name\":\"Kunden\",\"item\":\"https:\\\/\\\/hep-industrie.com\\\/de\\\/kunden\\\/\"},{\"@type\":\"ListItem\",\"position\":3,\"name\":\"Telekommunikation\"}]},{\"@type\":\"WebSite\",\"@id\":\"https:\\\/\\\/hep-industrie.com\\\/de\\\/#website\",\"url\":\"https:\\\/\\\/hep-industrie.com\\\/de\\\/\",\"name\":\"HEP Industrie\",\"description\":\"Constructeur et r\u00e9parateur de machines hydrauliques\",\"publisher\":{\"@id\":\"https:\\\/\\\/hep-industrie.com\\\/de\\\/#organization\"},\"potentialAction\":[{\"@type\":\"SearchAction\",\"target\":{\"@type\":\"EntryPoint\",\"urlTemplate\":\"https:\\\/\\\/hep-industrie.com\\\/de\\\/?s={search_term_string}\"},\"query-input\":{\"@type\":\"PropertyValueSpecification\",\"valueRequired\":true,\"valueName\":\"search_term_string\"}}],\"inLanguage\":\"de\"},{\"@type\":\"Organization\",\"@id\":\"https:\\\/\\\/hep-industrie.com\\\/de\\\/#organization\",\"name\":\"hep industrie\",\"url\":\"https:\\\/\\\/hep-industrie.com\\\/de\\\/\",\"logo\":{\"@type\":\"ImageObject\",\"inLanguage\":\"de\",\"@id\":\"https:\\\/\\\/hep-industrie.com\\\/de\\\/#\\\/schema\\\/logo\\\/image\\\/\",\"url\":\"https:\\\/\\\/hep-industrie.com\\\/wp-content\\\/uploads\\\/2019\\\/09\\\/cropped-logo-hep-industrie.png\",\"contentUrl\":\"https:\\\/\\\/hep-industrie.com\\\/wp-content\\\/uploads\\\/2019\\\/09\\\/cropped-logo-hep-industrie.png\",\"width\":512,\"height\":512,\"caption\":\"hep industrie\"},\"image\":{\"@id\":\"https:\\\/\\\/hep-industrie.com\\\/de\\\/#\\\/schema\\\/logo\\\/image\\\/\"}}]}<\/script>\n<!-- \/ Yoast SEO plugin. -->","yoast_head_json":{"title":"Telekommunikation - HEP Industrie","description":"Hier finden Sie all unsere Produkte f\u00fcr Telekommunikation, Kran-Bohrger\u00e4te und mobile Ziehwinden, auf Tr\u00e4gerfahrzeugen oder Anh\u00e4ngern.","robots":{"index":"index","follow":"follow","max-snippet":"max-snippet:-1","max-image-preview":"max-image-preview:large","max-video-preview":"max-video-preview:-1"},"canonical":"https:\/\/hep-industrie.com\/de\/kunden\/telekommunikation\/","og_locale":"de_DE","og_type":"article","og_title":"Telekommunikation - HEP Industrie","og_description":"Hier finden Sie all unsere Produkte f\u00fcr Telekommunikation, Kran-Bohrger\u00e4te und mobile Ziehwinden, auf Tr\u00e4gerfahrzeugen oder Anh\u00e4ngern.","og_url":"https:\/\/hep-industrie.com\/de\/kunden\/telekommunikation\/","og_site_name":"HEP Industrie","article_modified_time":"2023-08-07T15:57:50+00:00","og_image":[{"width":1024,"height":768,"url":"https:\/\/hep-industrie.com\/wp-content\/uploads\/2019\/07\/T20-5R-1.jpg","type":"image\/jpeg"}],"twitter_card":"summary_large_image","twitter_misc":{"Gesch\u00e4tzte Lesezeit":"7\u00a0Minuten"},"schema":{"@context":"https:\/\/schema.org","@graph":[{"@type":"WebPage","@id":"https:\/\/hep-industrie.com\/de\/kunden\/telekommunikation\/","url":"https:\/\/hep-industrie.com\/de\/kunden\/telekommunikation\/","name":"Telekommunikation - HEP Industrie","isPartOf":{"@id":"https:\/\/hep-industrie.com\/de\/#website"},"primaryImageOfPage":{"@id":"https:\/\/hep-industrie.com\/de\/kunden\/telekommunikation\/#primaryimage"},"image":{"@id":"https:\/\/hep-industrie.com\/de\/kunden\/telekommunikation\/#primaryimage"},"thumbnailUrl":"https:\/\/hep-industrie.com\/wp-content\/uploads\/2019\/07\/T20-5R-1.jpg","datePublished":"2022-11-25T07:13:47+00:00","dateModified":"2023-08-07T15:57:50+00:00","description":"Hier finden Sie all unsere Produkte f\u00fcr Telekommunikation, Kran-Bohrger\u00e4te und mobile Ziehwinden, auf Tr\u00e4gerfahrzeugen oder Anh\u00e4ngern.","breadcrumb":{"@id":"https:\/\/hep-industrie.com\/de\/kunden\/telekommunikation\/#breadcrumb"},"inLanguage":"de","potentialAction":[{"@type":"ReadAction","target":["https:\/\/hep-industrie.com\/de\/kunden\/telekommunikation\/"]}]},{"@type":"ImageObject","inLanguage":"de","@id":"https:\/\/hep-industrie.com\/de\/kunden\/telekommunikation\/#primaryimage","url":"https:\/\/hep-industrie.com\/wp-content\/uploads\/2019\/07\/T20-5R-1.jpg","contentUrl":"https:\/\/hep-industrie.com\/wp-content\/uploads\/2019\/07\/T20-5R-1.jpg","width":1024,"height":768,"caption":"Telekommunikation"},{"@type":"BreadcrumbList","@id":"https:\/\/hep-industrie.com\/de\/kunden\/telekommunikation\/#breadcrumb","itemListElement":[{"@type":"ListItem","position":1,"name":"Startseite","item":"https:\/\/hep-industrie.com\/de\/hersteller-und-reparaturservice-fuer-hydraulikmaschinen\/"},{"@type":"ListItem","position":2,"name":"Kunden","item":"https:\/\/hep-industrie.com\/de\/kunden\/"},{"@type":"ListItem","position":3,"name":"Telekommunikation"}]},{"@type":"WebSite","@id":"https:\/\/hep-industrie.com\/de\/#website","url":"https:\/\/hep-industrie.com\/de\/","name":"HEP Industrie","description":"Constructeur et r\u00e9parateur de machines hydrauliques","publisher":{"@id":"https:\/\/hep-industrie.com\/de\/#organization"},"potentialAction":[{"@type":"SearchAction","target":{"@type":"EntryPoint","urlTemplate":"https:\/\/hep-industrie.com\/de\/?s={search_term_string}"},"query-input":{"@type":"PropertyValueSpecification","valueRequired":true,"valueName":"search_term_string"}}],"inLanguage":"de"},{"@type":"Organization","@id":"https:\/\/hep-industrie.com\/de\/#organization","name":"hep industrie","url":"https:\/\/hep-industrie.com\/de\/","logo":{"@type":"ImageObject","inLanguage":"de","@id":"https:\/\/hep-industrie.com\/de\/#\/schema\/logo\/image\/","url":"https:\/\/hep-industrie.com\/wp-content\/uploads\/2019\/09\/cropped-logo-hep-industrie.png","contentUrl":"https:\/\/hep-industrie.com\/wp-content\/uploads\/2019\/09\/cropped-logo-hep-industrie.png","width":512,"height":512,"caption":"hep industrie"},"image":{"@id":"https:\/\/hep-industrie.com\/de\/#\/schema\/logo\/image\/"}}]}},"_links":{"self":[{"href":"https:\/\/hep-industrie.com\/de\/wp-json\/wp\/v2\/pages\/11230","targetHints":{"allow":["GET"]}}],"collection":[{"href":"https:\/\/hep-industrie.com\/de\/wp-json\/wp\/v2\/pages"}],"about":[{"href":"https:\/\/hep-industrie.com\/de\/wp-json\/wp\/v2\/types\/page"}],"author":[{"embeddable":true,"href":"https:\/\/hep-industrie.com\/de\/wp-json\/wp\/v2\/users\/2"}],"replies":[{"embeddable":true,"href":"https:\/\/hep-industrie.com\/de\/wp-json\/wp\/v2\/comments?post=11230"}],"version-history":[{"count":22,"href":"https:\/\/hep-industrie.com\/de\/wp-json\/wp\/v2\/pages\/11230\/revisions"}],"predecessor-version":[{"id":13088,"href":"https:\/\/hep-industrie.com\/de\/wp-json\/wp\/v2\/pages\/11230\/revisions\/13088"}],"up":[{"embeddable":true,"href":"https:\/\/hep-industrie.com\/de\/wp-json\/wp\/v2\/pages\/11167"}],"wp:featuredmedia":[{"embeddable":true,"href":"https:\/\/hep-industrie.com\/de\/wp-json\/wp\/v2\/media\/10146"}],"wp:attachment":[{"href":"https:\/\/hep-industrie.com\/de\/wp-json\/wp\/v2\/media?parent=11230"}],"wp:term":[{"taxonomy":"secteur-d-activite","embeddable":true,"href":"https:\/\/hep-industrie.com\/de\/wp-json\/wp\/v2\/secteur-d-activite?post=11230"}],"curies":[{"name":"wp","href":"https:\/\/api.w.org\/{rel}","templated":true}]}}