{"id":11221,"date":"2022-11-25T08:01:46","date_gmt":"2022-11-25T07:01:46","guid":{"rendered":"https:\/\/hep-industrie.com\/kunden\/stromnetze\/"},"modified":"2023-08-07T17:57:11","modified_gmt":"2023-08-07T15:57:11","slug":"stromnetze","status":"publish","type":"page","link":"https:\/\/hep-industrie.com\/de\/kunden\/stromnetze\/","title":{"rendered":"Stromnetze"},"content":{"rendered":"<p>[et_pb_section fb_built=&#8220;1&#8243; _builder_version=&#8220;4.16&#8243; _module_preset=&#8220;default&#8220; background_image=&#8220;https:\/\/hep-industrie.com\/wp-content\/uploads\/2021\/09\/TL23-8R_resultat.jpg&#8220; custom_padding=&#8220;0px||0px|||&#8220; global_colors_info=&#8220;{}&#8220;][et_pb_row column_structure=&#8220;1_2,1_2&#8243; use_custom_gutter=&#8220;on&#8220; gutter_width=&#8220;1&#8243; make_equal=&#8220;on&#8220; _builder_version=&#8220;4.16&#8243; _module_preset=&#8220;default&#8220; background_image=&#8220;https:\/\/hep-industrie.com\/wp-content\/uploads\/2021\/09\/TL23-8R_resultat.jpg&#8220; width=&#8220;100%&#8220; max_width=&#8220;100%&#8220; min_height=&#8220;400px&#8220; custom_margin=&#8220;||||false|false&#8220; custom_padding=&#8220;0px||0px|0px|false|false&#8220; global_colors_info=&#8220;{}&#8220;][et_pb_column type=&#8220;1_2&#8243; _builder_version=&#8220;4.16&#8243; _module_preset=&#8220;default&#8220; background_image=&#8220;https:\/\/hep-industrie.com\/wp-content\/uploads\/2021\/10\/TL23-8R_resultat.jpg&#8220; global_colors_info=&#8220;{}&#8220;][et_pb_image src=&#8220;https:\/\/hep-industrie.com\/wp-content\/uploads\/2021\/10\/TL23-8R_resultat.jpg&#8220; alt=&#8220;Stromnetze&#8220; title_text=&#8220;TL23-8R_resultat&#8220; disabled_on=&#8220;off|off|on&#8220; _builder_version=&#8220;4.16&#8243; _module_preset=&#8220;default&#8220; background_image=&#8220;https:\/\/hep-industrie.com\/wp-content\/uploads\/2021\/09\/TL23-8R_resultat.jpg&#8220; global_colors_info=&#8220;{}&#8220;][\/et_pb_image][\/et_pb_column][et_pb_column type=&#8220;1_2&#8243; admin_label=&#8220;Spalte&#8220; _builder_version=&#8220;4.16&#8243; _module_preset=&#8220;default&#8220; background_color=&#8220;#3c3c3b&#8220; custom_padding=&#8220;2%|5%|2%|5%|true|true&#8220; global_colors_info=&#8220;{}&#8220;][et_pb_post_title meta=&#8220;off&#8220; featured_image=&#8220;off&#8220; _builder_version=&#8220;4.16&#8243; _module_preset=&#8220;default&#8220; title_text_color=&#8220;#FFFFFF&#8220; global_colors_info=&#8220;{}&#8220;][\/et_pb_post_title][et_pb_divider color=&#8220;#e30613&#8243; divider_weight=&#8220;5px&#8220; _builder_version=&#8220;4.16&#8243; _module_preset=&#8220;default&#8220; width=&#8220;25%&#8220; custom_margin=&#8220;||||false|false&#8220; global_colors_info=&#8220;{}&#8220;][\/et_pb_divider][et_pb_text _builder_version=&#8220;4.16&#8243; _module_preset=&#8220;default&#8220; text_font=&#8220;||||||||&#8220; text_text_color=&#8220;#FFFFFF&#8220; header_2_text_color=&#8220;#FFFFFF&#8220; text_orientation=&#8220;justified&#8220; custom_margin=&#8220;42px|||||&#8220; global_colors_info=&#8220;{}&#8220;]<\/p>\n<p>Entdecken Sie unser Angebot an Hydraulikger\u00e4ten f\u00fcr Ihre Stromnetze (SETRA, Nass- oder Trockenverlegung).<\/p>\n<p>[\/et_pb_text][\/et_pb_column][\/et_pb_row][\/et_pb_section][et_pb_section fb_built=&#8220;1&#8243; _builder_version=&#8220;4.16&#8243; custom_margin=&#8220;0px||||false|false&#8220; custom_padding=&#8220;0px||||false|false&#8220; global_colors_info=&#8220;{}&#8220;][et_pb_row _builder_version=&#8220;4.16&#8243; _module_preset=&#8220;default&#8220; custom_margin=&#8220;35px|auto||auto|false|false&#8220; global_colors_info=&#8220;{}&#8220;][et_pb_column type=&#8220;4_4&#8243; _builder_version=&#8220;4.16&#8243; _module_preset=&#8220;default&#8220; global_colors_info=&#8220;{}&#8220;][et_pb_text _builder_version=&#8220;4.16&#8243; _module_preset=&#8220;default&#8220; header_font_size=&#8220;21px&#8220; header_2_font_size=&#8220;30px&#8220; global_colors_info=&#8220;{}&#8220;]<\/p>\n<h2>Ziehwinden<\/h2>\n<p>[\/et_pb_text][et_pb_divider color=&#8220;#e30613&#8243; divider_weight=&#8220;5px&#8220; admin_label=&#8220;S\u00e9parateur&#8220; _builder_version=&#8220;4.16&#8243; _module_preset=&#8220;default&#8220; width=&#8220;12%&#8220; custom_margin=&#8220;-30px||||false|false&#8220; global_colors_info=&#8220;{}&#8220;][\/et_pb_divider][\/et_pb_column][\/et_pb_row][et_pb_row column_structure=&#8220;1_2,1_2&#8243; _builder_version=&#8220;4.16&#8243; _module_preset=&#8220;default&#8220; width=&#8220;67%&#8220; global_colors_info=&#8220;{}&#8220;][et_pb_column type=&#8220;1_2&#8243; _builder_version=&#8220;4.16&#8243; _module_preset=&#8220;default&#8220; global_colors_info=&#8220;{}&#8220;][et_pb_image src=&#8220;https:\/\/hep-industrie.com\/wp-content\/uploads\/2021\/09\/TR-3000-A_resultat.jpg&#8220; alt=&#8220;Ziehwinden tr3000&#8243; title_text=&#8220;TR 3000 A_resultat&#8220; url=&#8220;@ET-DC@eyJkeW5hbWljIjp0cnVlLCJjb250ZW50IjoicG9zdF9saW5rX3VybF90cmV1aWxzLWRlLXRpcmFnZSIsInNldHRpbmdzIjp7InBvc3RfaWQiOiI4MjAwIn19@&#8220; use_overlay=&#8220;on&#8220; overlay_icon_color=&#8220;#FFFFFF&#8220; hover_overlay_color=&#8220;rgba(226,0,15,0.33)&#8220; hover_icon=&#8220;&#x55;||divi||400&#8243; align=&#8220;center&#8220; _builder_version=&#8220;4.16&#8243; _dynamic_attributes=&#8220;url&#8220; _module_preset=&#8220;default&#8220; height=&#8220;240px&#8220; global_colors_info=&#8220;{}&#8220; src__hover_enabled=&#8220;off|hover&#8220; background__hover_enabled=&#8220;off|hover&#8220;][\/et_pb_image][et_pb_text _builder_version=&#8220;4.21.0&#8243; _dynamic_attributes=&#8220;link_option_url&#8220; _module_preset=&#8220;default&#8220; text_font=&#8220;||||||||&#8220; text_font_size=&#8220;12px&#8220; header_4_font=&#8220;|||on|||||&#8220; header_4_font_size=&#8220;21px&#8220; text_orientation=&#8220;center&#8220; link_option_url=&#8220;@ET-DC@eyJkeW5hbWljIjp0cnVlLCJjb250ZW50IjoicG9zdF9saW5rX3VybF90cmV1aWxzLWRlLXRpcmFnZSIsInNldHRpbmdzIjp7InBvc3RfaWQiOiI4NjgifX0=@&#8220; hover_enabled=&#8220;0&#8243; global_colors_info=&#8220;{}&#8220; sticky_enabled=&#8220;0&#8243;]<\/p>\n<h4 style=\"text-align: center;\"><a href=\"https:\/\/hep-industrie.com\/de\/ziehwinden\/ziehwinde-auf-anhaenger-tr3000-evo\/\">Ziehwinde auf Anh\u00e4nger TR 3000<\/a><\/h4>\n<p style=\"text-align: center;\">NEU<\/p>\n<p style=\"text-align: center;\">Die Ziehwinde auf Anh\u00e4nger ist eine Hydraulikwinde mit zwei Spillk\u00f6pfen und Drehzahlregelung.<\/p>\n<p style=\"text-align: center;\">[\/et_pb_text][\/et_pb_column][et_pb_column type=&#8220;1_2&#8243; _builder_version=&#8220;4.16&#8243; _module_preset=&#8220;default&#8220; global_colors_info=&#8220;{}&#8220;][et_pb_image src=&#8220;https:\/\/hep-industrie.com\/wp-content\/uploads\/2019\/06\/2500-c-sur-remorque-3.jpg&#8220; alt=&#8220;treuil 2500c sur remorque&#8220; title_text=&#8220;2500 c sur remorque 3&#8243; url=&#8220;https:\/\/hep-industrie.com\/de\/ziehwinden\/ziehwinde-auf-anhaenger-tr3000c-evo\/&#8220; use_overlay=&#8220;on&#8220; overlay_icon_color=&#8220;#FFFFFF&#8220; hover_overlay_color=&#8220;rgba(226,0,15,0.33)&#8220; hover_icon=&#8220;&#x55;||divi||400&#8243; align=&#8220;center&#8220; _builder_version=&#8220;4.19.2&#8243; _module_preset=&#8220;default&#8220; height=&#8220;240px&#8220; global_colors_info=&#8220;{}&#8220; src__hover_enabled=&#8220;off|hover&#8220; background__hover_enabled=&#8220;off|hover&#8220;][\/et_pb_image][et_pb_text _builder_version=&#8220;4.21.0&#8243; _module_preset=&#8220;default&#8220; link_option_url=&#8220;https:\/\/hep-industrie.com\/de\/ziehwinden\/ziehwinde-auf-anhaenger-tr3000c-evo\/&#8220; hover_enabled=&#8220;0&#8243; global_colors_info=&#8220;{}&#8220; sticky_enabled=&#8220;0&#8243;]<\/p>\n<h4 style=\"text-align: center;\"><a href=\"https:\/\/hep-industrie.com\/de\/ziehwinden\/ziehwinde-auf-traegerfahrzeug-tr3000c-evo\/\">ZIEHWINDE AUF ANH\u00c4NGER TR 3000C EVO<\/a><\/h4>\n<p style=\"text-align: center;\">NEU<\/p>\n<p style=\"text-align: center;\">TR 3000C Ziehwinde auf Anh\u00e4nger (Kompressor), Hydraulikwinde mit zwei Spillk\u00f6pfen, speziell f\u00fcr Stromversorgungsnetze.<\/p>\n<p>[\/et_pb_text][\/et_pb_column][\/et_pb_row][\/et_pb_section]<\/p>\n","protected":false},"excerpt":{"rendered":"<p>Entdecken Sie unser Angebot an Hydraulikger\u00e4ten f\u00fcr Ihre Stromnetze (SETRA, Nass- oder Trockenverlegung).ZiehwindenZiehwinde auf Anh\u00e4nger TR 3000 NEU Die Ziehwinde auf Anh\u00e4nger ist eine Hydraulikwinde mit zwei Spillk\u00f6pfen und Drehzahlregelung. ZIEHWINDE AUF ANH\u00c4NGER TR 3000C EVO NEU TR 3000C Ziehwinde auf Anh\u00e4nger (Kompressor), Hydraulikwinde mit zwei Spillk\u00f6pfen, speziell f\u00fcr Stromversorgungsnetze.<\/p>\n","protected":false},"author":2,"featured_media":10067,"parent":11167,"menu_order":0,"comment_status":"closed","ping_status":"closed","template":"","meta":{"_et_pb_use_builder":"on","_et_pb_old_content":"","_et_gb_content_width":"","footnotes":""},"secteur-d-activite":[],"class_list":["post-11221","page","type-page","status-publish","has-post-thumbnail","hentry"],"yoast_head":"<!-- This site is optimized with the Yoast SEO plugin v27.4 - https:\/\/yoast.com\/product\/yoast-seo-wordpress\/ -->\n<title>Stromnetze - HEP Industrie<\/title>\n<meta name=\"description\" content=\"HEP INDUSTRIE bietet eine Reihe hydraulischer Ger\u00e4te f\u00fcr Stromnetze an. entdecken Sie unsere Kran-Bohrger\u00e4te und Ziehwinden...\" \/>\n<meta name=\"robots\" content=\"index, follow, max-snippet:-1, max-image-preview:large, max-video-preview:-1\" \/>\n<link rel=\"canonical\" href=\"https:\/\/hep-industrie.com\/de\/kunden\/stromnetze\/\" \/>\n<meta property=\"og:locale\" content=\"de_DE\" \/>\n<meta property=\"og:type\" content=\"article\" \/>\n<meta property=\"og:title\" content=\"Stromnetze - HEP Industrie\" \/>\n<meta property=\"og:description\" content=\"HEP INDUSTRIE bietet eine Reihe hydraulischer Ger\u00e4te f\u00fcr Stromnetze an. entdecken Sie unsere Kran-Bohrger\u00e4te und Ziehwinden...\" \/>\n<meta property=\"og:url\" content=\"https:\/\/hep-industrie.com\/de\/kunden\/stromnetze\/\" \/>\n<meta property=\"og:site_name\" content=\"HEP Industrie\" \/>\n<meta property=\"article:modified_time\" content=\"2023-08-07T15:57:11+00:00\" \/>\n<meta property=\"og:image\" content=\"https:\/\/hep-industrie.com\/wp-content\/uploads\/2019\/07\/TL23-8R-1-e1568621743449.jpg\" \/>\n\t<meta property=\"og:image:width\" content=\"600\" \/>\n\t<meta property=\"og:image:height\" content=\"450\" \/>\n\t<meta property=\"og:image:type\" content=\"image\/jpeg\" \/>\n<meta name=\"twitter:card\" content=\"summary_large_image\" \/>\n<meta name=\"twitter:label1\" content=\"Gesch\u00e4tzte Lesezeit\" \/>\n\t<meta name=\"twitter:data1\" content=\"4\u00a0Minuten\" \/>\n<script type=\"application\/ld+json\" class=\"yoast-schema-graph\">{\"@context\":\"https:\\\/\\\/schema.org\",\"@graph\":[{\"@type\":\"WebPage\",\"@id\":\"https:\\\/\\\/hep-industrie.com\\\/de\\\/kunden\\\/stromnetze\\\/\",\"url\":\"https:\\\/\\\/hep-industrie.com\\\/de\\\/kunden\\\/stromnetze\\\/\",\"name\":\"Stromnetze - HEP Industrie\",\"isPartOf\":{\"@id\":\"https:\\\/\\\/hep-industrie.com\\\/de\\\/#website\"},\"primaryImageOfPage\":{\"@id\":\"https:\\\/\\\/hep-industrie.com\\\/de\\\/kunden\\\/stromnetze\\\/#primaryimage\"},\"image\":{\"@id\":\"https:\\\/\\\/hep-industrie.com\\\/de\\\/kunden\\\/stromnetze\\\/#primaryimage\"},\"thumbnailUrl\":\"https:\\\/\\\/hep-industrie.com\\\/wp-content\\\/uploads\\\/2019\\\/07\\\/TL23-8R-1-e1568621743449.jpg\",\"datePublished\":\"2022-11-25T07:01:46+00:00\",\"dateModified\":\"2023-08-07T15:57:11+00:00\",\"description\":\"HEP INDUSTRIE bietet eine Reihe hydraulischer Ger\u00e4te f\u00fcr Stromnetze an. entdecken Sie unsere Kran-Bohrger\u00e4te und Ziehwinden...\",\"breadcrumb\":{\"@id\":\"https:\\\/\\\/hep-industrie.com\\\/de\\\/kunden\\\/stromnetze\\\/#breadcrumb\"},\"inLanguage\":\"de\",\"potentialAction\":[{\"@type\":\"ReadAction\",\"target\":[\"https:\\\/\\\/hep-industrie.com\\\/de\\\/kunden\\\/stromnetze\\\/\"]}]},{\"@type\":\"ImageObject\",\"inLanguage\":\"de\",\"@id\":\"https:\\\/\\\/hep-industrie.com\\\/de\\\/kunden\\\/stromnetze\\\/#primaryimage\",\"url\":\"https:\\\/\\\/hep-industrie.com\\\/wp-content\\\/uploads\\\/2019\\\/07\\\/TL23-8R-1-e1568621743449.jpg\",\"contentUrl\":\"https:\\\/\\\/hep-industrie.com\\\/wp-content\\\/uploads\\\/2019\\\/07\\\/TL23-8R-1-e1568621743449.jpg\",\"width\":600,\"height\":450,\"caption\":\"Kunden\"},{\"@type\":\"BreadcrumbList\",\"@id\":\"https:\\\/\\\/hep-industrie.com\\\/de\\\/kunden\\\/stromnetze\\\/#breadcrumb\",\"itemListElement\":[{\"@type\":\"ListItem\",\"position\":1,\"name\":\"Startseite\",\"item\":\"https:\\\/\\\/hep-industrie.com\\\/de\\\/hersteller-und-reparaturservice-fuer-hydraulikmaschinen\\\/\"},{\"@type\":\"ListItem\",\"position\":2,\"name\":\"Kunden\",\"item\":\"https:\\\/\\\/hep-industrie.com\\\/de\\\/kunden\\\/\"},{\"@type\":\"ListItem\",\"position\":3,\"name\":\"Stromnetze\"}]},{\"@type\":\"WebSite\",\"@id\":\"https:\\\/\\\/hep-industrie.com\\\/de\\\/#website\",\"url\":\"https:\\\/\\\/hep-industrie.com\\\/de\\\/\",\"name\":\"HEP Industrie\",\"description\":\"Constructeur et r\u00e9parateur de machines hydrauliques\",\"publisher\":{\"@id\":\"https:\\\/\\\/hep-industrie.com\\\/de\\\/#organization\"},\"potentialAction\":[{\"@type\":\"SearchAction\",\"target\":{\"@type\":\"EntryPoint\",\"urlTemplate\":\"https:\\\/\\\/hep-industrie.com\\\/de\\\/?s={search_term_string}\"},\"query-input\":{\"@type\":\"PropertyValueSpecification\",\"valueRequired\":true,\"valueName\":\"search_term_string\"}}],\"inLanguage\":\"de\"},{\"@type\":\"Organization\",\"@id\":\"https:\\\/\\\/hep-industrie.com\\\/de\\\/#organization\",\"name\":\"hep industrie\",\"url\":\"https:\\\/\\\/hep-industrie.com\\\/de\\\/\",\"logo\":{\"@type\":\"ImageObject\",\"inLanguage\":\"de\",\"@id\":\"https:\\\/\\\/hep-industrie.com\\\/de\\\/#\\\/schema\\\/logo\\\/image\\\/\",\"url\":\"https:\\\/\\\/hep-industrie.com\\\/wp-content\\\/uploads\\\/2019\\\/09\\\/cropped-logo-hep-industrie.png\",\"contentUrl\":\"https:\\\/\\\/hep-industrie.com\\\/wp-content\\\/uploads\\\/2019\\\/09\\\/cropped-logo-hep-industrie.png\",\"width\":512,\"height\":512,\"caption\":\"hep industrie\"},\"image\":{\"@id\":\"https:\\\/\\\/hep-industrie.com\\\/de\\\/#\\\/schema\\\/logo\\\/image\\\/\"}}]}<\/script>\n<!-- \/ Yoast SEO plugin. -->","yoast_head_json":{"title":"Stromnetze - HEP Industrie","description":"HEP INDUSTRIE bietet eine Reihe hydraulischer Ger\u00e4te f\u00fcr Stromnetze an. entdecken Sie unsere Kran-Bohrger\u00e4te und Ziehwinden...","robots":{"index":"index","follow":"follow","max-snippet":"max-snippet:-1","max-image-preview":"max-image-preview:large","max-video-preview":"max-video-preview:-1"},"canonical":"https:\/\/hep-industrie.com\/de\/kunden\/stromnetze\/","og_locale":"de_DE","og_type":"article","og_title":"Stromnetze - HEP Industrie","og_description":"HEP INDUSTRIE bietet eine Reihe hydraulischer Ger\u00e4te f\u00fcr Stromnetze an. entdecken Sie unsere Kran-Bohrger\u00e4te und Ziehwinden...","og_url":"https:\/\/hep-industrie.com\/de\/kunden\/stromnetze\/","og_site_name":"HEP Industrie","article_modified_time":"2023-08-07T15:57:11+00:00","og_image":[{"width":600,"height":450,"url":"https:\/\/hep-industrie.com\/wp-content\/uploads\/2019\/07\/TL23-8R-1-e1568621743449.jpg","type":"image\/jpeg"}],"twitter_card":"summary_large_image","twitter_misc":{"Gesch\u00e4tzte Lesezeit":"4\u00a0Minuten"},"schema":{"@context":"https:\/\/schema.org","@graph":[{"@type":"WebPage","@id":"https:\/\/hep-industrie.com\/de\/kunden\/stromnetze\/","url":"https:\/\/hep-industrie.com\/de\/kunden\/stromnetze\/","name":"Stromnetze - HEP Industrie","isPartOf":{"@id":"https:\/\/hep-industrie.com\/de\/#website"},"primaryImageOfPage":{"@id":"https:\/\/hep-industrie.com\/de\/kunden\/stromnetze\/#primaryimage"},"image":{"@id":"https:\/\/hep-industrie.com\/de\/kunden\/stromnetze\/#primaryimage"},"thumbnailUrl":"https:\/\/hep-industrie.com\/wp-content\/uploads\/2019\/07\/TL23-8R-1-e1568621743449.jpg","datePublished":"2022-11-25T07:01:46+00:00","dateModified":"2023-08-07T15:57:11+00:00","description":"HEP INDUSTRIE bietet eine Reihe hydraulischer Ger\u00e4te f\u00fcr Stromnetze an. entdecken Sie unsere Kran-Bohrger\u00e4te und Ziehwinden...","breadcrumb":{"@id":"https:\/\/hep-industrie.com\/de\/kunden\/stromnetze\/#breadcrumb"},"inLanguage":"de","potentialAction":[{"@type":"ReadAction","target":["https:\/\/hep-industrie.com\/de\/kunden\/stromnetze\/"]}]},{"@type":"ImageObject","inLanguage":"de","@id":"https:\/\/hep-industrie.com\/de\/kunden\/stromnetze\/#primaryimage","url":"https:\/\/hep-industrie.com\/wp-content\/uploads\/2019\/07\/TL23-8R-1-e1568621743449.jpg","contentUrl":"https:\/\/hep-industrie.com\/wp-content\/uploads\/2019\/07\/TL23-8R-1-e1568621743449.jpg","width":600,"height":450,"caption":"Kunden"},{"@type":"BreadcrumbList","@id":"https:\/\/hep-industrie.com\/de\/kunden\/stromnetze\/#breadcrumb","itemListElement":[{"@type":"ListItem","position":1,"name":"Startseite","item":"https:\/\/hep-industrie.com\/de\/hersteller-und-reparaturservice-fuer-hydraulikmaschinen\/"},{"@type":"ListItem","position":2,"name":"Kunden","item":"https:\/\/hep-industrie.com\/de\/kunden\/"},{"@type":"ListItem","position":3,"name":"Stromnetze"}]},{"@type":"WebSite","@id":"https:\/\/hep-industrie.com\/de\/#website","url":"https:\/\/hep-industrie.com\/de\/","name":"HEP Industrie","description":"Constructeur et r\u00e9parateur de machines hydrauliques","publisher":{"@id":"https:\/\/hep-industrie.com\/de\/#organization"},"potentialAction":[{"@type":"SearchAction","target":{"@type":"EntryPoint","urlTemplate":"https:\/\/hep-industrie.com\/de\/?s={search_term_string}"},"query-input":{"@type":"PropertyValueSpecification","valueRequired":true,"valueName":"search_term_string"}}],"inLanguage":"de"},{"@type":"Organization","@id":"https:\/\/hep-industrie.com\/de\/#organization","name":"hep industrie","url":"https:\/\/hep-industrie.com\/de\/","logo":{"@type":"ImageObject","inLanguage":"de","@id":"https:\/\/hep-industrie.com\/de\/#\/schema\/logo\/image\/","url":"https:\/\/hep-industrie.com\/wp-content\/uploads\/2019\/09\/cropped-logo-hep-industrie.png","contentUrl":"https:\/\/hep-industrie.com\/wp-content\/uploads\/2019\/09\/cropped-logo-hep-industrie.png","width":512,"height":512,"caption":"hep industrie"},"image":{"@id":"https:\/\/hep-industrie.com\/de\/#\/schema\/logo\/image\/"}}]}},"_links":{"self":[{"href":"https:\/\/hep-industrie.com\/de\/wp-json\/wp\/v2\/pages\/11221","targetHints":{"allow":["GET"]}}],"collection":[{"href":"https:\/\/hep-industrie.com\/de\/wp-json\/wp\/v2\/pages"}],"about":[{"href":"https:\/\/hep-industrie.com\/de\/wp-json\/wp\/v2\/types\/page"}],"author":[{"embeddable":true,"href":"https:\/\/hep-industrie.com\/de\/wp-json\/wp\/v2\/users\/2"}],"replies":[{"embeddable":true,"href":"https:\/\/hep-industrie.com\/de\/wp-json\/wp\/v2\/comments?post=11221"}],"version-history":[{"count":14,"href":"https:\/\/hep-industrie.com\/de\/wp-json\/wp\/v2\/pages\/11221\/revisions"}],"predecessor-version":[{"id":13085,"href":"https:\/\/hep-industrie.com\/de\/wp-json\/wp\/v2\/pages\/11221\/revisions\/13085"}],"up":[{"embeddable":true,"href":"https:\/\/hep-industrie.com\/de\/wp-json\/wp\/v2\/pages\/11167"}],"wp:featuredmedia":[{"embeddable":true,"href":"https:\/\/hep-industrie.com\/de\/wp-json\/wp\/v2\/media\/10067"}],"wp:attachment":[{"href":"https:\/\/hep-industrie.com\/de\/wp-json\/wp\/v2\/media?parent=11221"}],"wp:term":[{"taxonomy":"secteur-d-activite","embeddable":true,"href":"https:\/\/hep-industrie.com\/de\/wp-json\/wp\/v2\/secteur-d-activite?post=11221"}],"curies":[{"name":"wp","href":"https:\/\/api.w.org\/{rel}","templated":true}]}}