{"id":10921,"date":"2022-10-31T15:54:39","date_gmt":"2022-10-31T14:54:39","guid":{"rendered":"https:\/\/hep-industrie.com\/unternehmen\/zertifizierung\/"},"modified":"2023-08-07T18:00:20","modified_gmt":"2023-08-07T16:00:20","slug":"zertifizierung","status":"publish","type":"page","link":"https:\/\/hep-industrie.com\/de\/unternehmen\/zertifizierung\/","title":{"rendered":"Zertifizierung"},"content":{"rendered":"<p>[et_pb_section fb_built=&#8220;1&#8243; admin_label=&#8220;section&#8220; _builder_version=&#8220;4.16&#8243; global_colors_info=&#8220;{}&#8220;][et_pb_row column_structure=&#8220;1_2,1_2&#8243; admin_label=&#8220;Linie&#8220; _builder_version=&#8220;4.16&#8243; _module_preset=&#8220;default&#8220; custom_margin=&#8220;35px|auto||auto|false|false&#8220; global_colors_info=&#8220;{}&#8220;][et_pb_column type=&#8220;1_2&#8243; _builder_version=&#8220;4.16&#8243; _module_preset=&#8220;default&#8220; global_colors_info=&#8220;{}&#8220;][et_pb_image src=&#8220;https:\/\/hep-industrie.com\/wp-content\/uploads\/2021\/06\/utac_resultat.png&#8220; alt=&#8220;utac&#8220; title_text=&#8220;utac_resultat&#8220; _builder_version=&#8220;4.16&#8243; _module_preset=&#8220;default&#8220; global_colors_info=&#8220;{}&#8220;][\/et_pb_image][\/et_pb_column][et_pb_column type=&#8220;1_2&#8243; _builder_version=&#8220;4.16&#8243; _module_preset=&#8220;default&#8220; global_colors_info=&#8220;{}&#8220;][et_pb_text _builder_version=&#8220;4.16&#8243; _module_preset=&#8220;default&#8220; header_font_size=&#8220;21px&#8220; header_2_font_size=&#8220;21px&#8220; global_colors_info=&#8220;{}&#8220;]<\/p>\n<p>UTAC- Zertifizierung<\/p>\n<p>[\/et_pb_text][et_pb_divider color=&#8220;#e30613&#8243; divider_weight=&#8220;5px&#8220; admin_label=&#8220;S\u00e9parateur&#8220; _builder_version=&#8220;4.16&#8243; _module_preset=&#8220;default&#8220; width=&#8220;12%&#8220; custom_margin=&#8220;-30px||||false|false&#8220; global_colors_info=&#8220;{}&#8220;][\/et_pb_divider][et_pb_text _builder_version=&#8220;4.16&#8243; _module_preset=&#8220;default&#8220; text_orientation=&#8220;justified&#8220; global_colors_info=&#8220;{}&#8220;]<\/p>\n<p>2018 hat HEP INDUSTRIE die Zertifizierung als qualifizierter UTAC-Betrieb f\u00fcr Umbauten an leichten Nutzfahrzeugen (LNF) und Lastkraftwagen (LKW) erhalten. Diese Zertifizierung erlaubt es uns, die f\u00fcr die Zulassung des Fahrzeugs erforderlichen Unterlagen auszustellen.<\/p>\n<p>[\/et_pb_text][et_pb_button button_url=&#8220;https:\/\/www.utacceram.com\/fr\/&#8220; button_text=&#8220;Mehr erfahren&#8220; _builder_version=&#8220;4.16&#8243; _module_preset=&#8220;default&#8220; global_colors_info=&#8220;{}&#8220;][\/et_pb_button][\/et_pb_column][\/et_pb_row][et_pb_row column_structure=&#8220;1_2,1_2&#8243; _builder_version=&#8220;4.16&#8243; _module_preset=&#8220;default&#8220; global_colors_info=&#8220;{}&#8220;][et_pb_column type=&#8220;1_2&#8243; _builder_version=&#8220;4.16&#8243; _module_preset=&#8220;default&#8220; global_colors_info=&#8220;{}&#8220;][et_pb_text _builder_version=&#8220;4.16&#8243; _module_preset=&#8220;default&#8220; text_orientation=&#8220;justified&#8220; global_colors_info=&#8220;{}&#8220;]<\/p>\n<h4><strong>Rezertifizierung 2021!<\/strong><\/h4>\n<p>Die Zertifizierung wurde 2019 und anschlie\u00dfend 2021 erneuert, sowohl f\u00fcr LKW als auch f\u00fcr leichte Nutzfahrzeuge.<\/p>\n<p>Wir achten sorgf\u00e4ltig darauf, uns stets \u00fcber alle neuen Bestimmungen und Vorschriften zu informieren. Die Bestimmungen gelten f\u00fcr Aufbauten auf LKW, aber auch f\u00fcr Anh\u00e4nger, LKW oder Nutzfahrzeuge.<\/p>\n<p>[\/et_pb_text][\/et_pb_column][et_pb_column type=&#8220;1_2&#8243; _builder_version=&#8220;4.16&#8243; _module_preset=&#8220;default&#8220; global_colors_info=&#8220;{}&#8220;][et_pb_text _builder_version=&#8220;4.16&#8243; _module_preset=&#8220;default&#8220; text_orientation=&#8220;justified&#8220; global_colors_info=&#8220;{}&#8220;]<\/p>\n<h2>Vorteile der integrierten UTAC-Qualifizierung:<\/h2>\n<p>Das Aufbauzertifikat wird f\u00fcr all unsere Kran-Bohrger\u00e4te und Zugwinden intern erstellt<\/p>\n<p>Wir garantieren die Qualit\u00e4t unserer Maschinen<\/p>\n<p>&nbsp;<\/p>\n<p>[\/et_pb_text][\/et_pb_column][\/et_pb_row][et_pb_row column_structure=&#8220;1_2,1_2&#8243; _builder_version=&#8220;4.16&#8243; _module_preset=&#8220;default&#8220; global_colors_info=&#8220;{}&#8220;][et_pb_column type=&#8220;1_2&#8243; _builder_version=&#8220;4.16&#8243; _module_preset=&#8220;default&#8220; global_colors_info=&#8220;{}&#8220;][et_pb_text _builder_version=&#8220;4.16&#8243; _module_preset=&#8220;default&#8220; header_font_size=&#8220;21px&#8220; header_2_font_size=&#8220;21px&#8220; global_colors_info=&#8220;{}&#8220;]<\/p>\n<h2>Martin 3D<\/h2>\n<p>[\/et_pb_text][et_pb_divider color=&#8220;#e30613&#8243; divider_weight=&#8220;5px&#8220; admin_label=&#8220;S\u00e9parateur&#8220; _builder_version=&#8220;4.16&#8243; _module_preset=&#8220;default&#8220; width=&#8220;12%&#8220; custom_margin=&#8220;-30px||||false|false&#8220; global_colors_info=&#8220;{}&#8220;][\/et_pb_divider][et_pb_text _builder_version=&#8220;4.16&#8243; _module_preset=&#8220;default&#8220; text_orientation=&#8220;justified&#8220; custom_margin=&#8220;20%||||false|false&#8220; global_colors_info=&#8220;{}&#8220;]<\/p>\n<p>Wir verwenden f\u00fcr unser Monitoring die Software Martin 3D. Mit diesem Prozess k\u00f6nnen wir die Fahrzeuge durchgehend verfolgen, vom Eingang (Identifikationsblatt) bis hin zur vollst\u00e4ndigen Ausgangskontrolle. Wir drucken alle Anh\u00e4nge, die Sie f\u00fcr die Zulassung des Fahrzeugs ben\u00f6tigen, f\u00fcr Sie aus. Dar\u00fcber hinaus f\u00fchren wir ein gutes Dutzend zus\u00e4tzlicher Kontrollen an unseren Maschinen durch.<\/p>\n<p>Wir archivieren alle Unterlagen in Martin 3D f\u00fcr eine Dauer von 5 Jahren.<\/p>\n<p>&nbsp;<\/p>\n<p>Damit verf\u00fcgt HEP INDUSTRIE \u00fcber eine umfassende Bibliothek der von den Fahrzeugherstellern zugelassenen Produkte.<\/p>\n<p>[\/et_pb_text][\/et_pb_column][et_pb_column type=&#8220;1_2&#8243; _builder_version=&#8220;4.16&#8243; _module_preset=&#8220;default&#8220; global_colors_info=&#8220;{}&#8220;][et_pb_image src=&#8220;https:\/\/hep-industrie.com\/wp-content\/uploads\/2017\/10\/hep-industrie-tla23_resultat.jpg&#8220; alt=&#8220;KRAN-BOHRGER\u00c4T TLA23&#8243; title_text=&#8220;hep-industrie-tla23_resultat&#8220; _builder_version=&#8220;4.16&#8243; _module_preset=&#8220;default&#8220; custom_margin=&#8220;20%||||false|false&#8220; global_colors_info=&#8220;{}&#8220;][\/et_pb_image][\/et_pb_column][\/et_pb_row][\/et_pb_section][et_pb_section fb_built=&#8220;1&#8243; _builder_version=&#8220;4.16&#8243; _module_preset=&#8220;default&#8220; global_colors_info=&#8220;{}&#8220;][et_pb_row _builder_version=&#8220;4.16&#8243; _module_preset=&#8220;default&#8220; global_colors_info=&#8220;{}&#8220;][et_pb_column type=&#8220;4_4&#8243; _builder_version=&#8220;4.16&#8243; _module_preset=&#8220;default&#8220; global_colors_info=&#8220;{}&#8220;][et_pb_text _builder_version=&#8220;4.19.1&#8243; _module_preset=&#8220;default&#8220; text_orientation=&#8220;justified&#8220; hover_enabled=&#8220;0&#8243; global_colors_info=&#8220;{}&#8220; sticky_enabled=&#8220;0&#8243;]<\/p>\n<h2>Qualit\u00e4tsorientierung<\/h2>\n<p>Die UTAC- Zertifizierung schafft die Voraussetzungen f\u00fcr einen Qualit\u00e4tsansatz. HEP INDUSTRIE konnte daher ein Qualit\u00e4tsmanagementsystem basierend auf der Norm ISO 9001 (Version 2008) einrichten.<\/p>\n<p>Das Qualit\u00e4tsmanagementsystem (QMS) wurde in ein integriertes Managementsystem erweitert, das die Bereiche Qualit\u00e4t, Sicherheit und gesellschaftliche Unternehmensverantwortung (CSR) umfasst.<\/p>\n<p>&nbsp;<\/p>\n<p>Alle Mitarbeiter wurden entsprechend geschult und sensibilisiert. Wir schaffen einen effizienten Rahmen f\u00fcr die R\u00fcckmeldung von Verbesserungspunkten und Nichtkonformit\u00e4ten. So gew\u00e4hrleisten wir die kontinuierliche Verbesserung unserer Prozesse.<\/p>\n<p>&nbsp;<\/p>\n<p>Zertifizierung<\/p>\n<p>&nbsp;<\/p>\n<p>Verst\u00e4rkte Qualit\u00e4tskontrollen<\/p>\n<p>&nbsp;<\/p>\n<p>Unser starkes Wachstum und die Zusammenarbeit mit zahlreichen Partnern stellte uns vor neue Herausforderung bei der Qualit\u00e4tskontrolle. Wir f\u00fchren w\u00e4hrend des gesamten Ablaufs verst\u00e4rkte Qualit\u00e4tskontrollen durch, von der Annahme \u00fcber die Herstellung bis hin zu Lieferung.<\/p>\n<p>&nbsp;<\/p>\n<p>Weitere Zertifizierung von HEP INDUSTRIE: COFREND 2 (Magnetpulverpr\u00fcfung).<\/p>\n<p>2 zertifizierte Techniker, die f\u00fcr die Magnetpulverpr\u00fcfung (COFREND 2) geschult sind<\/p>\n<p>Durchf\u00fchrung von Kontrollen bei Annahme extern hergestellter Teile und Eigenkontrollen bei Strukturbauteilen.<\/p>\n<p>Ausr\u00fcstungen: Tragbares Magnetisierungsger\u00e4t<\/p>\n<p>&nbsp;<\/p>\n<p>Schwei\u00dfzertifikat<\/p>\n<p>Unsere Schwei\u00dfer und Kesselbauer sind nach der Norm EN ISO 9606 zertifiziert.<\/p>\n<p>&nbsp;<\/p>\n<p><a href=\"https:\/\/hep-industrie.com\/de\/unternehmen\/\">Mehr \u00fcber unser Unternehmen erfahren<\/a>.<\/p>\n<p>[\/et_pb_text][\/et_pb_column][\/et_pb_row][\/et_pb_section]<\/p>\n","protected":false},"excerpt":{"rendered":"<p>UTAC- Zertifizierung2018 hat HEP INDUSTRIE die Zertifizierung als qualifizierter UTAC-Betrieb f\u00fcr Umbauten an leichten Nutzfahrzeugen (LNF) und Lastkraftwagen (LKW) erhalten. Diese Zertifizierung erlaubt es uns, die f\u00fcr die Zulassung des Fahrzeugs erforderlichen Unterlagen auszustellen.Rezertifizierung 2021! Die Zertifizierung wurde 2019 und anschlie\u00dfend 2021 erneuert, sowohl f\u00fcr LKW als auch f\u00fcr leichte Nutzfahrzeuge. Wir achten sorgf\u00e4ltig darauf, [&hellip;]<\/p>\n","protected":false},"author":2,"featured_media":10082,"parent":10911,"menu_order":0,"comment_status":"closed","ping_status":"closed","template":"","meta":{"_et_pb_use_builder":"on","_et_pb_old_content":"","_et_gb_content_width":"","footnotes":""},"secteur-d-activite":[],"class_list":["post-10921","page","type-page","status-publish","has-post-thumbnail","hentry"],"yoast_head":"<!-- This site is optimized with the Yoast SEO plugin v27.4 - https:\/\/yoast.com\/product\/yoast-seo-wordpress\/ -->\n<title>Zertifizierung - HEP Industrie<\/title>\n<meta name=\"description\" content=\"HEP Industrie ist seit 2018 UTAC-zertifiziert. Die Zertifizierung wurde 2019 und 2021 erneuert (Qualit\u00e4tsmanagement).\" \/>\n<meta name=\"robots\" content=\"index, follow, max-snippet:-1, max-image-preview:large, max-video-preview:-1\" \/>\n<link rel=\"canonical\" href=\"https:\/\/hep-industrie.com\/de\/unternehmen\/zertifizierung\/\" \/>\n<meta property=\"og:locale\" content=\"de_DE\" \/>\n<meta property=\"og:type\" content=\"article\" \/>\n<meta property=\"og:title\" content=\"Zertifizierung - HEP Industrie\" \/>\n<meta property=\"og:description\" content=\"HEP Industrie ist seit 2018 UTAC-zertifiziert. Die Zertifizierung wurde 2019 und 2021 erneuert (Qualit\u00e4tsmanagement).\" \/>\n<meta property=\"og:url\" content=\"https:\/\/hep-industrie.com\/de\/unternehmen\/zertifizierung\/\" \/>\n<meta property=\"og:site_name\" content=\"HEP Industrie\" \/>\n<meta property=\"article:modified_time\" content=\"2023-08-07T16:00:20+00:00\" \/>\n<meta property=\"og:image\" content=\"https:\/\/hep-industrie.com\/wp-content\/uploads\/2019\/08\/EXTERIEURR-e1568622314802.jpg\" \/>\n\t<meta property=\"og:image:width\" content=\"600\" \/>\n\t<meta property=\"og:image:height\" content=\"450\" \/>\n\t<meta property=\"og:image:type\" content=\"image\/jpeg\" \/>\n<meta name=\"twitter:card\" content=\"summary_large_image\" \/>\n<meta name=\"twitter:label1\" content=\"Gesch\u00e4tzte Lesezeit\" \/>\n\t<meta name=\"twitter:data1\" content=\"4\u00a0Minuten\" \/>\n<script type=\"application\/ld+json\" class=\"yoast-schema-graph\">{\"@context\":\"https:\\\/\\\/schema.org\",\"@graph\":[{\"@type\":\"WebPage\",\"@id\":\"https:\\\/\\\/hep-industrie.com\\\/de\\\/unternehmen\\\/zertifizierung\\\/\",\"url\":\"https:\\\/\\\/hep-industrie.com\\\/de\\\/unternehmen\\\/zertifizierung\\\/\",\"name\":\"Zertifizierung - HEP Industrie\",\"isPartOf\":{\"@id\":\"https:\\\/\\\/hep-industrie.com\\\/de\\\/#website\"},\"primaryImageOfPage\":{\"@id\":\"https:\\\/\\\/hep-industrie.com\\\/de\\\/unternehmen\\\/zertifizierung\\\/#primaryimage\"},\"image\":{\"@id\":\"https:\\\/\\\/hep-industrie.com\\\/de\\\/unternehmen\\\/zertifizierung\\\/#primaryimage\"},\"thumbnailUrl\":\"https:\\\/\\\/hep-industrie.com\\\/wp-content\\\/uploads\\\/2019\\\/08\\\/EXTERIEURR-e1568622314802.jpg\",\"datePublished\":\"2022-10-31T14:54:39+00:00\",\"dateModified\":\"2023-08-07T16:00:20+00:00\",\"description\":\"HEP Industrie ist seit 2018 UTAC-zertifiziert. Die Zertifizierung wurde 2019 und 2021 erneuert (Qualit\u00e4tsmanagement).\",\"breadcrumb\":{\"@id\":\"https:\\\/\\\/hep-industrie.com\\\/de\\\/unternehmen\\\/zertifizierung\\\/#breadcrumb\"},\"inLanguage\":\"de\",\"potentialAction\":[{\"@type\":\"ReadAction\",\"target\":[\"https:\\\/\\\/hep-industrie.com\\\/de\\\/unternehmen\\\/zertifizierung\\\/\"]}]},{\"@type\":\"ImageObject\",\"inLanguage\":\"de\",\"@id\":\"https:\\\/\\\/hep-industrie.com\\\/de\\\/unternehmen\\\/zertifizierung\\\/#primaryimage\",\"url\":\"https:\\\/\\\/hep-industrie.com\\\/wp-content\\\/uploads\\\/2019\\\/08\\\/EXTERIEURR-e1568622314802.jpg\",\"contentUrl\":\"https:\\\/\\\/hep-industrie.com\\\/wp-content\\\/uploads\\\/2019\\\/08\\\/EXTERIEURR-e1568622314802.jpg\",\"width\":600,\"height\":450},{\"@type\":\"BreadcrumbList\",\"@id\":\"https:\\\/\\\/hep-industrie.com\\\/de\\\/unternehmen\\\/zertifizierung\\\/#breadcrumb\",\"itemListElement\":[{\"@type\":\"ListItem\",\"position\":1,\"name\":\"Startseite\",\"item\":\"https:\\\/\\\/hep-industrie.com\\\/de\\\/hersteller-und-reparaturservice-fuer-hydraulikmaschinen\\\/\"},{\"@type\":\"ListItem\",\"position\":2,\"name\":\"Unternehmen\",\"item\":\"https:\\\/\\\/hep-industrie.com\\\/de\\\/unternehmen\\\/\"},{\"@type\":\"ListItem\",\"position\":3,\"name\":\"Zertifizierung\"}]},{\"@type\":\"WebSite\",\"@id\":\"https:\\\/\\\/hep-industrie.com\\\/de\\\/#website\",\"url\":\"https:\\\/\\\/hep-industrie.com\\\/de\\\/\",\"name\":\"HEP Industrie\",\"description\":\"Constructeur et r\u00e9parateur de machines hydrauliques\",\"publisher\":{\"@id\":\"https:\\\/\\\/hep-industrie.com\\\/de\\\/#organization\"},\"potentialAction\":[{\"@type\":\"SearchAction\",\"target\":{\"@type\":\"EntryPoint\",\"urlTemplate\":\"https:\\\/\\\/hep-industrie.com\\\/de\\\/?s={search_term_string}\"},\"query-input\":{\"@type\":\"PropertyValueSpecification\",\"valueRequired\":true,\"valueName\":\"search_term_string\"}}],\"inLanguage\":\"de\"},{\"@type\":\"Organization\",\"@id\":\"https:\\\/\\\/hep-industrie.com\\\/de\\\/#organization\",\"name\":\"hep industrie\",\"url\":\"https:\\\/\\\/hep-industrie.com\\\/de\\\/\",\"logo\":{\"@type\":\"ImageObject\",\"inLanguage\":\"de\",\"@id\":\"https:\\\/\\\/hep-industrie.com\\\/de\\\/#\\\/schema\\\/logo\\\/image\\\/\",\"url\":\"https:\\\/\\\/hep-industrie.com\\\/wp-content\\\/uploads\\\/2019\\\/09\\\/cropped-logo-hep-industrie.png\",\"contentUrl\":\"https:\\\/\\\/hep-industrie.com\\\/wp-content\\\/uploads\\\/2019\\\/09\\\/cropped-logo-hep-industrie.png\",\"width\":512,\"height\":512,\"caption\":\"hep industrie\"},\"image\":{\"@id\":\"https:\\\/\\\/hep-industrie.com\\\/de\\\/#\\\/schema\\\/logo\\\/image\\\/\"}}]}<\/script>\n<!-- \/ Yoast SEO plugin. -->","yoast_head_json":{"title":"Zertifizierung - HEP Industrie","description":"HEP Industrie ist seit 2018 UTAC-zertifiziert. Die Zertifizierung wurde 2019 und 2021 erneuert (Qualit\u00e4tsmanagement).","robots":{"index":"index","follow":"follow","max-snippet":"max-snippet:-1","max-image-preview":"max-image-preview:large","max-video-preview":"max-video-preview:-1"},"canonical":"https:\/\/hep-industrie.com\/de\/unternehmen\/zertifizierung\/","og_locale":"de_DE","og_type":"article","og_title":"Zertifizierung - HEP Industrie","og_description":"HEP Industrie ist seit 2018 UTAC-zertifiziert. Die Zertifizierung wurde 2019 und 2021 erneuert (Qualit\u00e4tsmanagement).","og_url":"https:\/\/hep-industrie.com\/de\/unternehmen\/zertifizierung\/","og_site_name":"HEP Industrie","article_modified_time":"2023-08-07T16:00:20+00:00","og_image":[{"width":600,"height":450,"url":"https:\/\/hep-industrie.com\/wp-content\/uploads\/2019\/08\/EXTERIEURR-e1568622314802.jpg","type":"image\/jpeg"}],"twitter_card":"summary_large_image","twitter_misc":{"Gesch\u00e4tzte Lesezeit":"4\u00a0Minuten"},"schema":{"@context":"https:\/\/schema.org","@graph":[{"@type":"WebPage","@id":"https:\/\/hep-industrie.com\/de\/unternehmen\/zertifizierung\/","url":"https:\/\/hep-industrie.com\/de\/unternehmen\/zertifizierung\/","name":"Zertifizierung - HEP Industrie","isPartOf":{"@id":"https:\/\/hep-industrie.com\/de\/#website"},"primaryImageOfPage":{"@id":"https:\/\/hep-industrie.com\/de\/unternehmen\/zertifizierung\/#primaryimage"},"image":{"@id":"https:\/\/hep-industrie.com\/de\/unternehmen\/zertifizierung\/#primaryimage"},"thumbnailUrl":"https:\/\/hep-industrie.com\/wp-content\/uploads\/2019\/08\/EXTERIEURR-e1568622314802.jpg","datePublished":"2022-10-31T14:54:39+00:00","dateModified":"2023-08-07T16:00:20+00:00","description":"HEP Industrie ist seit 2018 UTAC-zertifiziert. Die Zertifizierung wurde 2019 und 2021 erneuert (Qualit\u00e4tsmanagement).","breadcrumb":{"@id":"https:\/\/hep-industrie.com\/de\/unternehmen\/zertifizierung\/#breadcrumb"},"inLanguage":"de","potentialAction":[{"@type":"ReadAction","target":["https:\/\/hep-industrie.com\/de\/unternehmen\/zertifizierung\/"]}]},{"@type":"ImageObject","inLanguage":"de","@id":"https:\/\/hep-industrie.com\/de\/unternehmen\/zertifizierung\/#primaryimage","url":"https:\/\/hep-industrie.com\/wp-content\/uploads\/2019\/08\/EXTERIEURR-e1568622314802.jpg","contentUrl":"https:\/\/hep-industrie.com\/wp-content\/uploads\/2019\/08\/EXTERIEURR-e1568622314802.jpg","width":600,"height":450},{"@type":"BreadcrumbList","@id":"https:\/\/hep-industrie.com\/de\/unternehmen\/zertifizierung\/#breadcrumb","itemListElement":[{"@type":"ListItem","position":1,"name":"Startseite","item":"https:\/\/hep-industrie.com\/de\/hersteller-und-reparaturservice-fuer-hydraulikmaschinen\/"},{"@type":"ListItem","position":2,"name":"Unternehmen","item":"https:\/\/hep-industrie.com\/de\/unternehmen\/"},{"@type":"ListItem","position":3,"name":"Zertifizierung"}]},{"@type":"WebSite","@id":"https:\/\/hep-industrie.com\/de\/#website","url":"https:\/\/hep-industrie.com\/de\/","name":"HEP Industrie","description":"Constructeur et r\u00e9parateur de machines hydrauliques","publisher":{"@id":"https:\/\/hep-industrie.com\/de\/#organization"},"potentialAction":[{"@type":"SearchAction","target":{"@type":"EntryPoint","urlTemplate":"https:\/\/hep-industrie.com\/de\/?s={search_term_string}"},"query-input":{"@type":"PropertyValueSpecification","valueRequired":true,"valueName":"search_term_string"}}],"inLanguage":"de"},{"@type":"Organization","@id":"https:\/\/hep-industrie.com\/de\/#organization","name":"hep industrie","url":"https:\/\/hep-industrie.com\/de\/","logo":{"@type":"ImageObject","inLanguage":"de","@id":"https:\/\/hep-industrie.com\/de\/#\/schema\/logo\/image\/","url":"https:\/\/hep-industrie.com\/wp-content\/uploads\/2019\/09\/cropped-logo-hep-industrie.png","contentUrl":"https:\/\/hep-industrie.com\/wp-content\/uploads\/2019\/09\/cropped-logo-hep-industrie.png","width":512,"height":512,"caption":"hep industrie"},"image":{"@id":"https:\/\/hep-industrie.com\/de\/#\/schema\/logo\/image\/"}}]}},"_links":{"self":[{"href":"https:\/\/hep-industrie.com\/de\/wp-json\/wp\/v2\/pages\/10921","targetHints":{"allow":["GET"]}}],"collection":[{"href":"https:\/\/hep-industrie.com\/de\/wp-json\/wp\/v2\/pages"}],"about":[{"href":"https:\/\/hep-industrie.com\/de\/wp-json\/wp\/v2\/types\/page"}],"author":[{"embeddable":true,"href":"https:\/\/hep-industrie.com\/de\/wp-json\/wp\/v2\/users\/2"}],"replies":[{"embeddable":true,"href":"https:\/\/hep-industrie.com\/de\/wp-json\/wp\/v2\/comments?post=10921"}],"version-history":[{"count":8,"href":"https:\/\/hep-industrie.com\/de\/wp-json\/wp\/v2\/pages\/10921\/revisions"}],"predecessor-version":[{"id":13097,"href":"https:\/\/hep-industrie.com\/de\/wp-json\/wp\/v2\/pages\/10921\/revisions\/13097"}],"up":[{"embeddable":true,"href":"https:\/\/hep-industrie.com\/de\/wp-json\/wp\/v2\/pages\/10911"}],"wp:featuredmedia":[{"embeddable":true,"href":"https:\/\/hep-industrie.com\/de\/wp-json\/wp\/v2\/media\/10082"}],"wp:attachment":[{"href":"https:\/\/hep-industrie.com\/de\/wp-json\/wp\/v2\/media?parent=10921"}],"wp:term":[{"taxonomy":"secteur-d-activite","embeddable":true,"href":"https:\/\/hep-industrie.com\/de\/wp-json\/wp\/v2\/secteur-d-activite?post=10921"}],"curies":[{"name":"wp","href":"https:\/\/api.w.org\/{rel}","templated":true}]}}