{"id":10915,"date":"2022-10-26T18:19:25","date_gmt":"2022-10-26T16:19:25","guid":{"rendered":"https:\/\/hep-industrie.com\/datenschutzbestimmungen\/"},"modified":"2023-08-07T17:54:02","modified_gmt":"2023-08-07T15:54:02","slug":"datenschutzbestimmungen","status":"publish","type":"page","link":"https:\/\/hep-industrie.com\/de\/datenschutzbestimmungen\/","title":{"rendered":"DATENSCHUTZBESTIMMUNGEN"},"content":{"rendered":"<p>[et_pb_section fb_built=&#8220;1&#8243; _builder_version=&#8220;4.16&#8243; _module_preset=&#8220;default&#8220; background_color=&#8220;#3c3c3b&#8220; custom_padding=&#8220;8px||66px||false|false&#8220; global_colors_info=&#8220;{}&#8220;][et_pb_row _builder_version=&#8220;4.16&#8243; _module_preset=&#8220;default&#8220; custom_margin=&#8220;35px|auto||auto|false|false&#8220; global_colors_info=&#8220;{}&#8220;][et_pb_column type=&#8220;4_4&#8243; _builder_version=&#8220;4.16&#8243; _module_preset=&#8220;default&#8220; global_colors_info=&#8220;{}&#8220;][et_pb_text _builder_version=&#8220;4.16&#8243; _module_preset=&#8220;default&#8220; header_font_size=&#8220;21px&#8220; header_2_text_color=&#8220;#FFFFFF&#8220; header_2_font_size=&#8220;30px&#8220; global_colors_info=&#8220;{}&#8220;]<\/p>\n<h2>Datenschutzbestimmungen<\/h2>\n<p>[\/et_pb_text][et_pb_divider color=&#8220;#e30613&#8243; divider_weight=&#8220;5px&#8220; admin_label=&#8220;S\u00e9parateur&#8220; _builder_version=&#8220;4.16&#8243; _module_preset=&#8220;default&#8220; width=&#8220;12%&#8220; custom_margin=&#8220;-30px||||false|false&#8220; global_colors_info=&#8220;{}&#8220;][\/et_pb_divider][\/et_pb_column][\/et_pb_row][\/et_pb_section][et_pb_section fb_built=&#8220;1&#8243; _builder_version=&#8220;4.16&#8243; _module_preset=&#8220;default&#8220; custom_margin=&#8220;0px||||false|false&#8220; custom_padding=&#8220;0px||||false|false&#8220; global_colors_info=&#8220;{}&#8220;][et_pb_row _builder_version=&#8220;4.16&#8243; _module_preset=&#8220;default&#8220; custom_margin=&#8220;35px|auto||auto|false|false&#8220; custom_padding=&#8220;||0px||false|false&#8220; global_colors_info=&#8220;{}&#8220;][et_pb_column type=&#8220;4_4&#8243; _builder_version=&#8220;4.16&#8243; _module_preset=&#8220;default&#8220; global_colors_info=&#8220;{}&#8220;][et_pb_text _builder_version=&#8220;4.16&#8243; _module_preset=&#8220;default&#8220; header_font_size=&#8220;21px&#8220; header_2_font_size=&#8220;21px&#8220; global_colors_info=&#8220;{}&#8220;]<\/p>\n<h2>STATISTIKEN<\/h2>\n<p>[\/et_pb_text][et_pb_divider color=&#8220;#e30613&#8243; divider_weight=&#8220;5px&#8220; admin_label=&#8220;S\u00e9parateur&#8220; _builder_version=&#8220;4.16&#8243; _module_preset=&#8220;default&#8220; width=&#8220;7%&#8220; custom_margin=&#8220;-30px||||false|false&#8220; global_colors_info=&#8220;{}&#8220;][\/et_pb_divider][\/et_pb_column][\/et_pb_row][et_pb_row _builder_version=&#8220;4.16&#8243; _module_preset=&#8220;default&#8220; global_colors_info=&#8220;{}&#8220;][et_pb_column type=&#8220;4_4&#8243; _builder_version=&#8220;4.16&#8243; _module_preset=&#8220;default&#8220; global_colors_info=&#8220;{}&#8220;][et_pb_text _builder_version=&#8220;4.16&#8243; _module_preset=&#8220;default&#8220; global_colors_info=&#8220;{}&#8220;]<\/p>\n<p>HEP INDUSTRIE sammelt Informationen \u00fcber die Besucher der Website, um Statistiken zur Nutzung der Website zu erstellen. Dies erm\u00f6glicht uns, Ihr Kundenerlebnis zu verbessern und die auf der Website angezeigten Inhalte weiterzuentwickeln. Zu statistischen Daten z\u00e4hlen die Anzahl der Besuche, ihre Dauer, die Ausgangswebsite, von der Sie auf unsere Seite gelangt sind, der verwendete Browser usw&#8230;<\/p>\n<p>&nbsp;<\/p>\n<p>Die Cookies werden f\u00fcr eine Dauer von h\u00f6chstens 13 Monaten gespeichert.<\/p>\n<p>&nbsp;<\/p>\n<p>Sie haben bei allen Browsern die M\u00f6glichkeit, durch entsprechende Parametereinstellungen die Verwendung von Cookies einzuschr\u00e4nken oder zu deaktivieren.<\/p>\n<p>[\/et_pb_text][\/et_pb_column][\/et_pb_row][et_pb_row _builder_version=&#8220;4.16&#8243; _module_preset=&#8220;default&#8220; custom_margin=&#8220;35px|auto||auto|false|false&#8220; custom_padding=&#8220;||0px||false|false&#8220; global_colors_info=&#8220;{}&#8220;][et_pb_column type=&#8220;4_4&#8243; _builder_version=&#8220;4.16&#8243; _module_preset=&#8220;default&#8220; global_colors_info=&#8220;{}&#8220;][et_pb_text _builder_version=&#8220;4.16&#8243; _module_preset=&#8220;default&#8220; header_font_size=&#8220;21px&#8220; header_2_font_size=&#8220;21px&#8220; global_colors_info=&#8220;{}&#8220;]<\/p>\n<h2>Wie kann ich meinen Browser einstellen?<\/h2>\n<p>[\/et_pb_text][et_pb_divider color=&#8220;#e30613&#8243; divider_weight=&#8220;5px&#8220; admin_label=&#8220;S\u00e9parateur&#8220; _builder_version=&#8220;4.16&#8243; _module_preset=&#8220;default&#8220; width=&#8220;12%&#8220; custom_margin=&#8220;-30px||||false|false&#8220; global_colors_info=&#8220;{}&#8220;][\/et_pb_divider][\/et_pb_column][\/et_pb_row][et_pb_row _builder_version=&#8220;4.16&#8243; _module_preset=&#8220;default&#8220; global_colors_info=&#8220;{}&#8220;][et_pb_column type=&#8220;4_4&#8243; _builder_version=&#8220;4.16&#8243; _module_preset=&#8220;default&#8220; global_colors_info=&#8220;{}&#8220;][et_pb_text _builder_version=&#8220;4.16&#8243; _module_preset=&#8220;default&#8220; global_colors_info=&#8220;{}&#8220;]<\/p>\n<p>Jeder Browser hat seine eigene Konfiguration. Die Parametereinstellungen k\u00f6nnen jedoch bei jedem Browser \u00fcber das Men\u00fc aufgerufen werden.<\/p>\n<p>Internet Explorer\u2122: W\u00e4hlen Sie im Men\u00fc die Registerkarte \u201eExtras\u201c und dann \u201eInternetoptionen\u201c aus. Klicken Sie auf die Registerkarte Datenschutz und w\u00e4hlen Sie das gew\u00fcnschte Niveau.<\/p>\n<p>&nbsp;<\/p>\n<p>Firefox\u2122: W\u00e4hlen Sie im Men\u00fc die Registerkarte \u201eEinstellungen\u201c und dann \u201eExtras\u201c aus. Klicken Sie auf die Registerkarte Datenschutz und w\u00e4hlen Sie die gew\u00fcnschte Option aus.<\/p>\n<p>Chrome\u2122: \u00d6ffnen Sie das \u201eKonfigurationsmen\u00fc\u201c und w\u00e4hlen Sie die Option \u201eEinstellungen\u201c; Klicken Sie auf \u201eErweitert\u201c und dann auf \u201eInhalteinstellungen\u201c. W\u00e4hlen Sie die gew\u00fcnschte Option.<\/p>\n<p>Safari\u2122: W\u00e4hlen Sie \u201eEinstellungen\u201c und dann \u201eDatenschutz\u201c; W\u00e4hlen Sie unter \u201eCookies blockieren\u201c die gew\u00fcnschte Option.<\/p>\n<p>Im \u201eprivaten Modus\u201c, der heute von allen Browsern angeboten wird, werden beim Schlie\u00dfen des Browsers alle w\u00e4hrend der Sitzung gespeicherten Cookies gel\u00f6scht.<\/p>\n<p>&nbsp;<\/p>\n<p>Beachten Sie jedoch, dass die Einschr\u00e4nkung von Cookies die Funktion unserer und anderer Websites beeintr\u00e4chtigen kann.<\/p>\n<p>[\/et_pb_text][\/et_pb_column][\/et_pb_row][et_pb_row _builder_version=&#8220;4.16&#8243; _module_preset=&#8220;default&#8220; custom_margin=&#8220;35px|auto||auto|false|false&#8220; custom_padding=&#8220;||0px||false|false&#8220; global_colors_info=&#8220;{}&#8220;][et_pb_column type=&#8220;4_4&#8243; _builder_version=&#8220;4.16&#8243; _module_preset=&#8220;default&#8220; global_colors_info=&#8220;{}&#8220;][et_pb_text _builder_version=&#8220;4.16&#8243; _module_preset=&#8220;default&#8220; header_font_size=&#8220;21px&#8220; header_2_font_size=&#8220;21px&#8220; global_colors_info=&#8220;{}&#8220;]<\/p>\n<h2>GESAMMELTE DATEN<\/h2>\n<p>[\/et_pb_text][et_pb_divider color=&#8220;#e30613&#8243; divider_weight=&#8220;5px&#8220; admin_label=&#8220;S\u00e9parateur&#8220; _builder_version=&#8220;4.16&#8243; _module_preset=&#8220;default&#8220; width=&#8220;12%&#8220; custom_margin=&#8220;-30px||||false|false&#8220; global_colors_info=&#8220;{}&#8220;][\/et_pb_divider][\/et_pb_column][\/et_pb_row][et_pb_row _builder_version=&#8220;4.16&#8243; _module_preset=&#8220;default&#8220; global_colors_info=&#8220;{}&#8220;][et_pb_column type=&#8220;4_4&#8243; _builder_version=&#8220;4.16&#8243; _module_preset=&#8220;default&#8220; global_colors_info=&#8220;{}&#8220;][et_pb_text _builder_version=&#8220;4.16&#8243; _module_preset=&#8220;default&#8220; global_colors_info=&#8220;{}&#8220;]<\/p>\n<p>Wenn Sie Kontakt mit uns aufnehmen, sammeln personenbezogene Daten, um Ihre Anfrage verstehen und Ihnen schnellstm\u00f6glich sachbezogen antworten zu k\u00f6nnen. Unter personenbezogenen Daten verstehen wir alle Informationen, die sich direkt auf Sie beziehen.<\/p>\n<p>&nbsp;<\/p>\n<p>Kontaktseite<\/p>\n<p>Wenn Sie unser Kontaktformular ausf\u00fcllen, geben Sie folgende Daten an:<\/p>\n<p>Name (Pflichtangabe)<\/p>\n<p>Firma (Pflichtangabe)<\/p>\n<p>Telefonnummer (optional)<\/p>\n<p>E-Mail-Adresse (Pflichtangabe)<\/p>\n<p>Betreff der Nachricht und Nachricht (Pflichtangabe)<\/p>\n<p>&nbsp;<\/p>\n<p>&nbsp;<\/p>\n<p>Die Daten werden solange gespeichert, wie dies f\u00fcr die Bearbeitung Ihrer Anfrage erforderlich ist.<\/p>\n<p>[\/et_pb_text][\/et_pb_column][\/et_pb_row][et_pb_row _builder_version=&#8220;4.16&#8243; _module_preset=&#8220;default&#8220; custom_margin=&#8220;35px|auto||auto|false|false&#8220; custom_padding=&#8220;||0px||false|false&#8220; global_colors_info=&#8220;{}&#8220;][et_pb_column type=&#8220;4_4&#8243; _builder_version=&#8220;4.16&#8243; _module_preset=&#8220;default&#8220; global_colors_info=&#8220;{}&#8220;][et_pb_text _builder_version=&#8220;4.16&#8243; _module_preset=&#8220;default&#8220; header_font_size=&#8220;21px&#8220; header_2_font_size=&#8220;21px&#8220; global_colors_info=&#8220;{}&#8220;]<\/p>\n<h2>IHRE RECHTE<\/h2>\n<p>[\/et_pb_text][et_pb_divider color=&#8220;#e30613&#8243; divider_weight=&#8220;5px&#8220; admin_label=&#8220;S\u00e9parateur&#8220; _builder_version=&#8220;4.16&#8243; _module_preset=&#8220;default&#8220; width=&#8220;12%&#8220; custom_margin=&#8220;-30px||||false|false&#8220; global_colors_info=&#8220;{}&#8220;][\/et_pb_divider][\/et_pb_column][\/et_pb_row][et_pb_row _builder_version=&#8220;4.16&#8243; _module_preset=&#8220;default&#8220; global_colors_info=&#8220;{}&#8220;][et_pb_column type=&#8220;4_4&#8243; _builder_version=&#8220;4.16&#8243; _module_preset=&#8220;default&#8220; global_colors_info=&#8220;{}&#8220;][et_pb_text _builder_version=&#8220;4.16&#8243; _module_preset=&#8220;default&#8220; global_colors_info=&#8220;{}&#8220;]<\/p>\n<p>Rechtsgrundlage f\u00fcr die Datenverarbeitung ist Ihr Einverst\u00e4ndnis.<\/p>\n<p>&nbsp;<\/p>\n<p>Als Benutzer der Serviceleistungen von HEP INDUSTRIE haben Sie das Recht, n\u00e4here Ausk\u00fcnfte \u00fcber die von uns verarbeiteten personenbezogenen Daten und die Art und Weise der Verarbeitung einzuholen. Gem\u00e4\u00df geltendem Recht auf Schutz der Privatsph\u00e4re und personenbezogener Daten k\u00f6nnen Sie auch die Berichtigung dieser Daten oder die Einschr\u00e4nkung der Verarbeitung verlangen oder Widerspruch dagegen einlegen.<\/p>\n<p>&nbsp;<\/p>\n<p>&nbsp;<\/p>\n<p>&nbsp;<\/p>\n<p>&nbsp;<\/p>\n<p>&nbsp;<\/p>\n<p>HEP INDUSTRIE beschr\u00e4nkt die Verarbeitung personenbezogener Daten auf die Wahrnehmung berechtigter Interessen, um seine Verpflichtungen Ihnen gegen\u00fcber bzw. im Rahmen Ihrer Zustimmung erf\u00fcllen zu k\u00f6nnen. Sie k\u00f6nnen Ihre Zustimmung jederzeit widerrufen. Der Widerruf Ihrer Zustimmung ber\u00fchrt nicht die Rechtm\u00e4\u00dfigkeit der Verarbeitung vor dem Zeitpunkt des Widerrufs.<\/p>\n<p>&nbsp;<\/p>\n<p>Gem\u00e4\u00df der Verordnung (EU) 2016\/679 des Europ\u00e4ischen Parlaments und des Rates vom 27. April 2016 zum Schutz nat\u00fcrlicher Personen bei der Verarbeitung personenbezogener Daten, zum freien Datenverkehr haben Sie bez\u00fcglich Ihrer personenbezogenen Daten das Recht auf Einsicht, Berichtigung, L\u00f6schung, Vergessenwerden, Einschr\u00e4nkung der Verarbeitung sowie auf Widerspruch gegen die Verarbeitung:<\/p>\n<p>&nbsp;<\/p>\n<p>&nbsp;<\/p>\n<p>Als nat\u00fcrliche Person k\u00f6nnen Sie einer von der Datenschutzbeh\u00f6rde CNIL zertifizierten Vertrauensperson oder dem f\u00fcr die Verarbeitung Verantwortlichen allgemeine und spezielle Anweisungen geben, wie im Hinblick auf die Aufbewahrung, L\u00f6schung und Weitergabe Ihrer personenbezogenen Daten nach Ihrem Tod zu verfahren ist. Sie k\u00f6nnen jederzeit eine Person benennen oder die Person \u00e4ndern, die mit der diesbez\u00fcglichen Ausf\u00fchrung betraut ist. Sollten Sie zu Lebzeiten keine entsprechenden Anweisungen erteilt haben, gehen bestimmte Rechte auf ihre Erben \u00fcber, insbesondere das Zugriffsrecht.<\/p>\n<p>[\/et_pb_text][\/et_pb_column][\/et_pb_row][et_pb_row _builder_version=&#8220;4.16&#8243; _module_preset=&#8220;default&#8220; custom_margin=&#8220;35px|auto||auto|false|false&#8220; custom_padding=&#8220;||0px||false|false&#8220; global_colors_info=&#8220;{}&#8220;][et_pb_column type=&#8220;4_4&#8243; _builder_version=&#8220;4.16&#8243; _module_preset=&#8220;default&#8220; global_colors_info=&#8220;{}&#8220;][et_pb_text _builder_version=&#8220;4.16&#8243; _module_preset=&#8220;default&#8220; header_font_size=&#8220;21px&#8220; header_2_font_size=&#8220;21px&#8220; global_colors_info=&#8220;{}&#8220;]<\/p>\n<p>Eventuelle Anfragen im Zusammenhang mit den vorausgehenden Ausf\u00fchrungen richten Sie bitte an:<\/p>\n<p>[\/et_pb_text][et_pb_divider color=&#8220;#e30613&#8243; divider_weight=&#8220;5px&#8220; admin_label=&#8220;S\u00e9parateur&#8220; _builder_version=&#8220;4.16&#8243; _module_preset=&#8220;default&#8220; width=&#8220;12%&#8220; custom_margin=&#8220;-30px||||false|false&#8220; global_colors_info=&#8220;{}&#8220;][\/et_pb_divider][\/et_pb_column][\/et_pb_row][et_pb_row _builder_version=&#8220;4.16&#8243; _module_preset=&#8220;default&#8220; global_colors_info=&#8220;{}&#8220;][et_pb_column type=&#8220;4_4&#8243; _builder_version=&#8220;4.16&#8243; _module_preset=&#8220;default&#8220; global_colors_info=&#8220;{}&#8220;][et_pb_text _builder_version=&#8220;4.21.0&#8243; _module_preset=&#8220;default&#8220; link_text_color=&#8220;#E02B20&#8243; hover_enabled=&#8220;0&#8243; global_colors_info=&#8220;{}&#8220; sticky_enabled=&#8220;0&#8243;]<\/p>\n<p>Eventuelle Anfragen im Zusammenhang mit den vorausgehenden Ausf\u00fchrungen richten Sie bitte an:<\/p>\n<p><a href=\"https:\/\/hep-industrie.com\/de\/kontakt\/\">Kontakt<\/a><\/p>\n<p>Tel.: + 33 (0)5 62 36 06 66<\/p>\n<p>&nbsp;<\/p>\n<p>Die \u00fcber diese Website gesammelten Daten werden zur Beantwortung Ihrer Ersuchen\/Fragen\/per E-Mail an HEP INDUSTRIE weitergeleitet.<\/p>\n<p>Empf\u00e4nger Ihrer Daten sind mit der Beantwortung Ihrer Nachricht\/Anfrage beauftragten Mitarbeiter und der in Frankreich ans\u00e4ssige Hosting-Provider.<\/p>\n<p>[\/et_pb_text][\/et_pb_column][\/et_pb_row][\/et_pb_section]<\/p>\n","protected":false},"excerpt":{"rendered":"<p>DatenschutzbestimmungenSTATISTIKENHEP INDUSTRIE sammelt Informationen \u00fcber die Besucher der Website, um Statistiken zur Nutzung der Website zu erstellen. Dies erm\u00f6glicht uns, Ihr Kundenerlebnis zu verbessern und die auf der Website angezeigten Inhalte weiterzuentwickeln. Zu statistischen Daten z\u00e4hlen die Anzahl der Besuche, ihre Dauer, die Ausgangswebsite, von der Sie auf unsere Seite gelangt sind, der verwendete Browser [&hellip;]<\/p>\n","protected":false},"author":3,"featured_media":10799,"parent":0,"menu_order":0,"comment_status":"closed","ping_status":"closed","template":"","meta":{"_et_pb_use_builder":"on","_et_pb_old_content":"","_et_gb_content_width":"","footnotes":""},"secteur-d-activite":[],"class_list":["post-10915","page","type-page","status-publish","has-post-thumbnail","hentry"],"yoast_head":"<!-- This site is optimized with the Yoast SEO plugin v27.4 - https:\/\/yoast.com\/product\/yoast-seo-wordpress\/ -->\n<title>DATENSCHUTZBESTIMMUNGEN - HEP Industrie<\/title>\n<meta name=\"description\" content=\"Informieren Sie sich hier \u00fcber unsere Datenschutzbestimmungen in Bezug auf die \u00fcber unsere Website gesammelten Daten und Cookies. Mehr erfahren...\" \/>\n<meta name=\"robots\" content=\"index, follow, max-snippet:-1, max-image-preview:large, max-video-preview:-1\" \/>\n<link rel=\"canonical\" href=\"https:\/\/hep-industrie.com\/de\/datenschutzbestimmungen\/\" \/>\n<meta property=\"og:locale\" content=\"de_DE\" \/>\n<meta property=\"og:type\" content=\"article\" \/>\n<meta property=\"og:title\" content=\"DATENSCHUTZBESTIMMUNGEN - HEP Industrie\" \/>\n<meta property=\"og:description\" content=\"Informieren Sie sich hier \u00fcber unsere Datenschutzbestimmungen in Bezug auf die \u00fcber unsere Website gesammelten Daten und Cookies. Mehr erfahren...\" \/>\n<meta property=\"og:url\" content=\"https:\/\/hep-industrie.com\/de\/datenschutzbestimmungen\/\" \/>\n<meta property=\"og:site_name\" content=\"HEP Industrie\" \/>\n<meta property=\"article:modified_time\" content=\"2023-08-07T15:54:02+00:00\" \/>\n<meta property=\"og:image\" content=\"https:\/\/hep-industrie.com\/wp-content\/uploads\/2019\/09\/cropped-logo-hep-industrie.png\" \/>\n\t<meta property=\"og:image:width\" content=\"512\" \/>\n\t<meta property=\"og:image:height\" content=\"512\" \/>\n\t<meta property=\"og:image:type\" content=\"image\/png\" \/>\n<meta name=\"twitter:card\" content=\"summary_large_image\" \/>\n<meta name=\"twitter:label1\" content=\"Gesch\u00e4tzte Lesezeit\" \/>\n\t<meta name=\"twitter:data1\" content=\"8\u00a0Minuten\" \/>\n<script type=\"application\/ld+json\" class=\"yoast-schema-graph\">{\"@context\":\"https:\\\/\\\/schema.org\",\"@graph\":[{\"@type\":\"WebPage\",\"@id\":\"https:\\\/\\\/hep-industrie.com\\\/de\\\/datenschutzbestimmungen\\\/\",\"url\":\"https:\\\/\\\/hep-industrie.com\\\/de\\\/datenschutzbestimmungen\\\/\",\"name\":\"DATENSCHUTZBESTIMMUNGEN - HEP Industrie\",\"isPartOf\":{\"@id\":\"https:\\\/\\\/hep-industrie.com\\\/de\\\/#website\"},\"primaryImageOfPage\":{\"@id\":\"https:\\\/\\\/hep-industrie.com\\\/de\\\/datenschutzbestimmungen\\\/#primaryimage\"},\"image\":{\"@id\":\"https:\\\/\\\/hep-industrie.com\\\/de\\\/datenschutzbestimmungen\\\/#primaryimage\"},\"thumbnailUrl\":\"https:\\\/\\\/hep-industrie.com\\\/wp-content\\\/uploads\\\/2019\\\/09\\\/cropped-logo-hep-industrie.png\",\"datePublished\":\"2022-10-26T16:19:25+00:00\",\"dateModified\":\"2023-08-07T15:54:02+00:00\",\"description\":\"Informieren Sie sich hier \u00fcber unsere Datenschutzbestimmungen in Bezug auf die \u00fcber unsere Website gesammelten Daten und Cookies. Mehr erfahren...\",\"breadcrumb\":{\"@id\":\"https:\\\/\\\/hep-industrie.com\\\/de\\\/datenschutzbestimmungen\\\/#breadcrumb\"},\"inLanguage\":\"de\",\"potentialAction\":[{\"@type\":\"ReadAction\",\"target\":[\"https:\\\/\\\/hep-industrie.com\\\/de\\\/datenschutzbestimmungen\\\/\"]}]},{\"@type\":\"ImageObject\",\"inLanguage\":\"de\",\"@id\":\"https:\\\/\\\/hep-industrie.com\\\/de\\\/datenschutzbestimmungen\\\/#primaryimage\",\"url\":\"https:\\\/\\\/hep-industrie.com\\\/wp-content\\\/uploads\\\/2019\\\/09\\\/cropped-logo-hep-industrie.png\",\"contentUrl\":\"https:\\\/\\\/hep-industrie.com\\\/wp-content\\\/uploads\\\/2019\\\/09\\\/cropped-logo-hep-industrie.png\",\"width\":512,\"height\":512},{\"@type\":\"BreadcrumbList\",\"@id\":\"https:\\\/\\\/hep-industrie.com\\\/de\\\/datenschutzbestimmungen\\\/#breadcrumb\",\"itemListElement\":[{\"@type\":\"ListItem\",\"position\":1,\"name\":\"Startseite\",\"item\":\"https:\\\/\\\/hep-industrie.com\\\/de\\\/hersteller-und-reparaturservice-fuer-hydraulikmaschinen\\\/\"},{\"@type\":\"ListItem\",\"position\":2,\"name\":\"DATENSCHUTZBESTIMMUNGEN\"}]},{\"@type\":\"WebSite\",\"@id\":\"https:\\\/\\\/hep-industrie.com\\\/de\\\/#website\",\"url\":\"https:\\\/\\\/hep-industrie.com\\\/de\\\/\",\"name\":\"HEP Industrie\",\"description\":\"Constructeur et r\u00e9parateur de machines hydrauliques\",\"publisher\":{\"@id\":\"https:\\\/\\\/hep-industrie.com\\\/de\\\/#organization\"},\"potentialAction\":[{\"@type\":\"SearchAction\",\"target\":{\"@type\":\"EntryPoint\",\"urlTemplate\":\"https:\\\/\\\/hep-industrie.com\\\/de\\\/?s={search_term_string}\"},\"query-input\":{\"@type\":\"PropertyValueSpecification\",\"valueRequired\":true,\"valueName\":\"search_term_string\"}}],\"inLanguage\":\"de\"},{\"@type\":\"Organization\",\"@id\":\"https:\\\/\\\/hep-industrie.com\\\/de\\\/#organization\",\"name\":\"hep industrie\",\"url\":\"https:\\\/\\\/hep-industrie.com\\\/de\\\/\",\"logo\":{\"@type\":\"ImageObject\",\"inLanguage\":\"de\",\"@id\":\"https:\\\/\\\/hep-industrie.com\\\/de\\\/#\\\/schema\\\/logo\\\/image\\\/\",\"url\":\"https:\\\/\\\/hep-industrie.com\\\/wp-content\\\/uploads\\\/2019\\\/09\\\/cropped-logo-hep-industrie.png\",\"contentUrl\":\"https:\\\/\\\/hep-industrie.com\\\/wp-content\\\/uploads\\\/2019\\\/09\\\/cropped-logo-hep-industrie.png\",\"width\":512,\"height\":512,\"caption\":\"hep industrie\"},\"image\":{\"@id\":\"https:\\\/\\\/hep-industrie.com\\\/de\\\/#\\\/schema\\\/logo\\\/image\\\/\"}}]}<\/script>\n<!-- \/ Yoast SEO plugin. -->","yoast_head_json":{"title":"DATENSCHUTZBESTIMMUNGEN - HEP Industrie","description":"Informieren Sie sich hier \u00fcber unsere Datenschutzbestimmungen in Bezug auf die \u00fcber unsere Website gesammelten Daten und Cookies. Mehr erfahren...","robots":{"index":"index","follow":"follow","max-snippet":"max-snippet:-1","max-image-preview":"max-image-preview:large","max-video-preview":"max-video-preview:-1"},"canonical":"https:\/\/hep-industrie.com\/de\/datenschutzbestimmungen\/","og_locale":"de_DE","og_type":"article","og_title":"DATENSCHUTZBESTIMMUNGEN - HEP Industrie","og_description":"Informieren Sie sich hier \u00fcber unsere Datenschutzbestimmungen in Bezug auf die \u00fcber unsere Website gesammelten Daten und Cookies. Mehr erfahren...","og_url":"https:\/\/hep-industrie.com\/de\/datenschutzbestimmungen\/","og_site_name":"HEP Industrie","article_modified_time":"2023-08-07T15:54:02+00:00","og_image":[{"width":512,"height":512,"url":"https:\/\/hep-industrie.com\/wp-content\/uploads\/2019\/09\/cropped-logo-hep-industrie.png","type":"image\/png"}],"twitter_card":"summary_large_image","twitter_misc":{"Gesch\u00e4tzte Lesezeit":"8\u00a0Minuten"},"schema":{"@context":"https:\/\/schema.org","@graph":[{"@type":"WebPage","@id":"https:\/\/hep-industrie.com\/de\/datenschutzbestimmungen\/","url":"https:\/\/hep-industrie.com\/de\/datenschutzbestimmungen\/","name":"DATENSCHUTZBESTIMMUNGEN - HEP Industrie","isPartOf":{"@id":"https:\/\/hep-industrie.com\/de\/#website"},"primaryImageOfPage":{"@id":"https:\/\/hep-industrie.com\/de\/datenschutzbestimmungen\/#primaryimage"},"image":{"@id":"https:\/\/hep-industrie.com\/de\/datenschutzbestimmungen\/#primaryimage"},"thumbnailUrl":"https:\/\/hep-industrie.com\/wp-content\/uploads\/2019\/09\/cropped-logo-hep-industrie.png","datePublished":"2022-10-26T16:19:25+00:00","dateModified":"2023-08-07T15:54:02+00:00","description":"Informieren Sie sich hier \u00fcber unsere Datenschutzbestimmungen in Bezug auf die \u00fcber unsere Website gesammelten Daten und Cookies. Mehr erfahren...","breadcrumb":{"@id":"https:\/\/hep-industrie.com\/de\/datenschutzbestimmungen\/#breadcrumb"},"inLanguage":"de","potentialAction":[{"@type":"ReadAction","target":["https:\/\/hep-industrie.com\/de\/datenschutzbestimmungen\/"]}]},{"@type":"ImageObject","inLanguage":"de","@id":"https:\/\/hep-industrie.com\/de\/datenschutzbestimmungen\/#primaryimage","url":"https:\/\/hep-industrie.com\/wp-content\/uploads\/2019\/09\/cropped-logo-hep-industrie.png","contentUrl":"https:\/\/hep-industrie.com\/wp-content\/uploads\/2019\/09\/cropped-logo-hep-industrie.png","width":512,"height":512},{"@type":"BreadcrumbList","@id":"https:\/\/hep-industrie.com\/de\/datenschutzbestimmungen\/#breadcrumb","itemListElement":[{"@type":"ListItem","position":1,"name":"Startseite","item":"https:\/\/hep-industrie.com\/de\/hersteller-und-reparaturservice-fuer-hydraulikmaschinen\/"},{"@type":"ListItem","position":2,"name":"DATENSCHUTZBESTIMMUNGEN"}]},{"@type":"WebSite","@id":"https:\/\/hep-industrie.com\/de\/#website","url":"https:\/\/hep-industrie.com\/de\/","name":"HEP Industrie","description":"Constructeur et r\u00e9parateur de machines hydrauliques","publisher":{"@id":"https:\/\/hep-industrie.com\/de\/#organization"},"potentialAction":[{"@type":"SearchAction","target":{"@type":"EntryPoint","urlTemplate":"https:\/\/hep-industrie.com\/de\/?s={search_term_string}"},"query-input":{"@type":"PropertyValueSpecification","valueRequired":true,"valueName":"search_term_string"}}],"inLanguage":"de"},{"@type":"Organization","@id":"https:\/\/hep-industrie.com\/de\/#organization","name":"hep industrie","url":"https:\/\/hep-industrie.com\/de\/","logo":{"@type":"ImageObject","inLanguage":"de","@id":"https:\/\/hep-industrie.com\/de\/#\/schema\/logo\/image\/","url":"https:\/\/hep-industrie.com\/wp-content\/uploads\/2019\/09\/cropped-logo-hep-industrie.png","contentUrl":"https:\/\/hep-industrie.com\/wp-content\/uploads\/2019\/09\/cropped-logo-hep-industrie.png","width":512,"height":512,"caption":"hep industrie"},"image":{"@id":"https:\/\/hep-industrie.com\/de\/#\/schema\/logo\/image\/"}}]}},"_links":{"self":[{"href":"https:\/\/hep-industrie.com\/de\/wp-json\/wp\/v2\/pages\/10915","targetHints":{"allow":["GET"]}}],"collection":[{"href":"https:\/\/hep-industrie.com\/de\/wp-json\/wp\/v2\/pages"}],"about":[{"href":"https:\/\/hep-industrie.com\/de\/wp-json\/wp\/v2\/types\/page"}],"author":[{"embeddable":true,"href":"https:\/\/hep-industrie.com\/de\/wp-json\/wp\/v2\/users\/3"}],"replies":[{"embeddable":true,"href":"https:\/\/hep-industrie.com\/de\/wp-json\/wp\/v2\/comments?post=10915"}],"version-history":[{"count":13,"href":"https:\/\/hep-industrie.com\/de\/wp-json\/wp\/v2\/pages\/10915\/revisions"}],"predecessor-version":[{"id":13072,"href":"https:\/\/hep-industrie.com\/de\/wp-json\/wp\/v2\/pages\/10915\/revisions\/13072"}],"wp:featuredmedia":[{"embeddable":true,"href":"https:\/\/hep-industrie.com\/de\/wp-json\/wp\/v2\/media\/10799"}],"wp:attachment":[{"href":"https:\/\/hep-industrie.com\/de\/wp-json\/wp\/v2\/media?parent=10915"}],"wp:term":[{"taxonomy":"secteur-d-activite","embeddable":true,"href":"https:\/\/hep-industrie.com\/de\/wp-json\/wp\/v2\/secteur-d-activite?post=10915"}],"curies":[{"name":"wp","href":"https:\/\/api.w.org\/{rel}","templated":true}]}}