{"id":10911,"date":"2022-10-26T18:09:59","date_gmt":"2022-10-26T16:09:59","guid":{"rendered":"https:\/\/hep-industrie.com\/unternehmen\/"},"modified":"2023-08-15T01:15:11","modified_gmt":"2023-08-14T23:15:11","slug":"unternehmen","status":"publish","type":"page","link":"https:\/\/hep-industrie.com\/de\/unternehmen\/","title":{"rendered":"Unternehmen"},"content":{"rendered":"<p>[et_pb_section fb_built=&#8220;1&#8243; _builder_version=&#8220;4.16&#8243; _module_preset=&#8220;default&#8220; background_color=&#8220;rgba(60,60,59,0.11)&#8220; global_colors_info=&#8220;{}&#8220;][et_pb_row column_structure=&#8220;1_2,1_2&#8243; admin_label=&#8220;Linie&#8220; _builder_version=&#8220;4.16&#8243; _module_preset=&#8220;default&#8220; custom_margin=&#8220;35px|auto||auto|false|false&#8220; global_colors_info=&#8220;{}&#8220;][et_pb_column type=&#8220;1_2&#8243; _builder_version=&#8220;4.16&#8243; _module_preset=&#8220;default&#8220; global_colors_info=&#8220;{}&#8220;][et_pb_image src=&#8220;https:\/\/hep-industrie.com\/wp-content\/uploads\/2021\/10\/DSC_8950.jpg&#8220; alt=&#8220;unternehmen hep industrie&#8220; title_text=&#8220;DSC_8950&#8243; _builder_version=&#8220;4.16&#8243; _module_preset=&#8220;default&#8220; global_colors_info=&#8220;{}&#8220;][\/et_pb_image][\/et_pb_column][et_pb_column type=&#8220;1_2&#8243; _builder_version=&#8220;4.16&#8243; _module_preset=&#8220;default&#8220; global_colors_info=&#8220;{}&#8220;][et_pb_text _builder_version=&#8220;4.16&#8243; _module_preset=&#8220;default&#8220; header_font_size=&#8220;21px&#8220; header_2_font_size=&#8220;21px&#8220; global_colors_info=&#8220;{}&#8220;]<\/p>\n<h2>Aktivit\u00e4ten des Unternehmens HEP INDUSTRIE:<\/h2>\n<p>[\/et_pb_text][et_pb_divider color=&#8220;#e30613&#8243; divider_weight=&#8220;5px&#8220; admin_label=&#8220;S\u00e9parateur&#8220; _builder_version=&#8220;4.16&#8243; _module_preset=&#8220;default&#8220; width=&#8220;12%&#8220; custom_margin=&#8220;-30px||||false|false&#8220; global_colors_info=&#8220;{}&#8220;][\/et_pb_divider][et_pb_text _builder_version=&#8220;4.16&#8243; _module_preset=&#8220;default&#8220; text_orientation=&#8220;justified&#8220; global_colors_info=&#8220;{}&#8220;]<\/p>\n<p>HEP INDUSTRIE ist ein franz\u00f6sischer Hersteller von Kran-Bohrger\u00e4ten und Zugwinden, Lieferant f\u00fcr Bohrwerkzeuge und Hydraulikger\u00e4te und sonstige Ausr\u00fcstungen.<\/p>\n<p>[\/et_pb_text][\/et_pb_column][\/et_pb_row][et_pb_row column_structure=&#8220;1_2,1_2&#8243; _builder_version=&#8220;4.16&#8243; _module_preset=&#8220;default&#8220; global_colors_info=&#8220;{}&#8220;][et_pb_column type=&#8220;1_2&#8243; _builder_version=&#8220;4.16&#8243; _module_preset=&#8220;default&#8220; global_colors_info=&#8220;{}&#8220;][et_pb_text _builder_version=&#8220;4.16&#8243; _module_preset=&#8220;default&#8220; text_orientation=&#8220;justified&#8220; global_colors_info=&#8220;{}&#8220;]<\/p>\n<p>. Im Bereich der Kran-Bohrger\u00e4te z\u00e4hlen wir zu den Markf\u00fchrern. Unsere Kunden stammen in erster Linie aus den Bereichen Telekommunikation, Stromnetze (Trocken- und Nassverlegung) sowie aus der Landwirtschaft (Saatguthersteller).<\/p>\n<p>[\/et_pb_text][\/et_pb_column][et_pb_column type=&#8220;1_2&#8243; _builder_version=&#8220;4.16&#8243; _module_preset=&#8220;default&#8220; global_colors_info=&#8220;{}&#8220;][et_pb_text _builder_version=&#8220;4.19.2&#8243; _module_preset=&#8220;default&#8220; text_orientation=&#8220;justified&#8220; global_colors_info=&#8220;{}&#8220;]<\/p>\n<p>HEP INDUSTRIE ist ein unabh\u00e4ngiges mittelst\u00e4ndisches Unternehmen mit rund 50 Mitarbeitern.<\/p>\n<p>Unser Hauptsitz und unsere Werkstatt befinden sich in S\u00e9m\u00e9ac bei Tarbes im Departement Hautes-Pyr\u00e9n\u00e9es (Frankreich).<\/p>\n<p>[\/et_pb_text][\/et_pb_column][\/et_pb_row][\/et_pb_section][et_pb_section fb_built=&#8220;1&#8243; _builder_version=&#8220;4.16&#8243; _module_preset=&#8220;default&#8220; global_colors_info=&#8220;{}&#8220;][et_pb_row _builder_version=&#8220;4.16&#8243; _module_preset=&#8220;default&#8220; global_colors_info=&#8220;{}&#8220;][et_pb_column type=&#8220;4_4&#8243; _builder_version=&#8220;4.16&#8243; _module_preset=&#8220;default&#8220; global_colors_info=&#8220;{}&#8220;][et_pb_text _builder_version=&#8220;4.19.2&#8243; _module_preset=&#8220;default&#8220; text_orientation=&#8220;center&#8220; hover_enabled=&#8220;0&#8243; global_colors_info=&#8220;{}&#8220; text_font_size=&#8220;16px&#8220; sticky_enabled=&#8220;0&#8243;]<\/p>\n<p>Ein engagiertes Unternehmen<\/p>\n<p>in der eigenen Region<\/p>\n<p>90\u00a0% unserer Auftragnehmer sind weniger als 40 km von unserem Produktionsstandort entfernt ans\u00e4ssig.<\/p>\n<p>[\/et_pb_text][\/et_pb_column][\/et_pb_row][\/et_pb_section][et_pb_section fb_built=&#8220;1&#8243; _builder_version=&#8220;4.16&#8243; _module_preset=&#8220;default&#8220; background_color=&#8220;rgba(60,60,59,0.11)&#8220; global_colors_info=&#8220;{}&#8220;][et_pb_row column_structure=&#8220;1_2,1_2&#8243; admin_label=&#8220;Linie&#8220; _builder_version=&#8220;4.16&#8243; _module_preset=&#8220;default&#8220; custom_margin=&#8220;35px|auto||auto|false|false&#8220; global_colors_info=&#8220;{}&#8220;][et_pb_column type=&#8220;1_2&#8243; _builder_version=&#8220;4.16&#8243; _module_preset=&#8220;default&#8220; global_colors_info=&#8220;{}&#8220;][et_pb_image src=&#8220;https:\/\/hep-industrie.com\/wp-content\/uploads\/2021\/09\/TL23-5R-1-1024x577_resultat-1.jpg&#8220; title_text=&#8220;TL23-5R-1-1024x577_resultat&#8220; _builder_version=&#8220;4.16&#8243; _module_preset=&#8220;default&#8220; global_colors_info=&#8220;{}&#8220;][\/et_pb_image][\/et_pb_column][et_pb_column type=&#8220;1_2&#8243; _builder_version=&#8220;4.16&#8243; _module_preset=&#8220;default&#8220; global_colors_info=&#8220;{}&#8220;][et_pb_text _builder_version=&#8220;4.16&#8243; _module_preset=&#8220;default&#8220; header_font_size=&#8220;21px&#8220; header_2_font_size=&#8220;21px&#8220; global_colors_info=&#8220;{}&#8220;]<\/p>\n<h2>Unsere Werte<\/h2>\n<p>[\/et_pb_text][et_pb_divider color=&#8220;#e30613&#8243; divider_weight=&#8220;5px&#8220; admin_label=&#8220;S\u00e9parateur&#8220; _builder_version=&#8220;4.16&#8243; _module_preset=&#8220;default&#8220; width=&#8220;12%&#8220; custom_margin=&#8220;-30px||||false|false&#8220; global_colors_info=&#8220;{}&#8220;][\/et_pb_divider][et_pb_text _builder_version=&#8220;4.19.2&#8243; _module_preset=&#8220;default&#8220; text_orientation=&#8220;justified&#8220; custom_padding=&#8220;0px|||||&#8220; hover_enabled=&#8220;0&#8243; global_colors_info=&#8220;{}&#8220; sticky_enabled=&#8220;0&#8243;]<\/p>\n<p>Unser Handeln und die Ziele unseres Unternehmens werden durch unsere Werte bestimmt.<\/p>\n<p>&nbsp;<\/p>\n<ul>\n<li style=\"list-style-type: none;\">\n<ul>\n<li style=\"list-style-type: none;\">\n<ul>\n<li style=\"list-style-type: none;\">\n<ul>\n<li>Reaktivit\u00e4t<\/li>\n<li>Vielseitigkeit<\/li>\n<li>Innovation<\/li>\n<li>Kompetenz<\/li>\n<li>Ehrlichkeit<\/li>\n<li>Solidarit\u00e4t<\/li>\n<\/ul>\n<\/li>\n<\/ul>\n<\/li>\n<\/ul>\n<\/li>\n<\/ul>\n<p>[\/et_pb_text][\/et_pb_column][\/et_pb_row][\/et_pb_section]<\/p>\n","protected":false},"excerpt":{"rendered":"<p>Aktivit\u00e4ten des Unternehmens HEP INDUSTRIE:HEP INDUSTRIE ist ein franz\u00f6sischer Hersteller von Kran-Bohrger\u00e4ten und Zugwinden, Lieferant f\u00fcr Bohrwerkzeuge und Hydraulikger\u00e4te und sonstige Ausr\u00fcstungen.. Im Bereich der Kran-Bohrger\u00e4te z\u00e4hlen wir zu den Markf\u00fchrern. Unsere Kunden stammen in erster Linie aus den Bereichen Telekommunikation, Stromnetze (Trocken- und Nassverlegung) sowie aus der Landwirtschaft (Saatguthersteller).HEP INDUSTRIE ist ein unabh\u00e4ngiges mittelst\u00e4ndisches [&hellip;]<\/p>\n","protected":false},"author":2,"featured_media":10780,"parent":0,"menu_order":0,"comment_status":"closed","ping_status":"closed","template":"","meta":{"_et_pb_use_builder":"on","_et_pb_old_content":"","_et_gb_content_width":"","footnotes":""},"secteur-d-activite":[],"class_list":["post-10911","page","type-page","status-publish","has-post-thumbnail","hentry"],"yoast_head":"<!-- This site is optimized with the Yoast SEO plugin v27.4 - https:\/\/yoast.com\/product\/yoast-seo-wordpress\/ -->\n<title>Unternehmen - HEP Industrie<\/title>\n<meta name=\"description\" content=\"Entdecken Sie das Unternehmen HEP INDUSTRIE, seine Geschichte, seine Aktivit\u00e4ten, seine Werte, seine Engagements und Qualifizierungen.\" \/>\n<meta name=\"robots\" content=\"index, follow, max-snippet:-1, max-image-preview:large, max-video-preview:-1\" \/>\n<link rel=\"canonical\" href=\"https:\/\/hep-industrie.com\/de\/unternehmen\/\" \/>\n<meta property=\"og:locale\" content=\"de_DE\" \/>\n<meta property=\"og:type\" content=\"article\" \/>\n<meta property=\"og:title\" content=\"Unternehmen - HEP Industrie\" \/>\n<meta property=\"og:description\" content=\"Entdecken Sie das Unternehmen HEP INDUSTRIE, seine Geschichte, seine Aktivit\u00e4ten, seine Werte, seine Engagements und Qualifizierungen.\" \/>\n<meta property=\"og:url\" content=\"https:\/\/hep-industrie.com\/de\/unternehmen\/\" \/>\n<meta property=\"og:site_name\" content=\"HEP Industrie\" \/>\n<meta property=\"article:modified_time\" content=\"2023-08-14T23:15:11+00:00\" \/>\n<meta property=\"og:image\" content=\"https:\/\/hep-industrie.com\/wp-content\/uploads\/2021\/10\/DSC_8950.jpg\" \/>\n\t<meta property=\"og:image:width\" content=\"1075\" \/>\n\t<meta property=\"og:image:height\" content=\"845\" \/>\n\t<meta property=\"og:image:type\" content=\"image\/jpeg\" \/>\n<meta name=\"twitter:card\" content=\"summary_large_image\" \/>\n<meta name=\"twitter:label1\" content=\"Gesch\u00e4tzte Lesezeit\" \/>\n\t<meta name=\"twitter:data1\" content=\"3\u00a0Minuten\" \/>\n<script type=\"application\/ld+json\" class=\"yoast-schema-graph\">{\"@context\":\"https:\\\/\\\/schema.org\",\"@graph\":[{\"@type\":\"WebPage\",\"@id\":\"https:\\\/\\\/hep-industrie.com\\\/de\\\/unternehmen\\\/\",\"url\":\"https:\\\/\\\/hep-industrie.com\\\/de\\\/unternehmen\\\/\",\"name\":\"Unternehmen - HEP Industrie\",\"isPartOf\":{\"@id\":\"https:\\\/\\\/hep-industrie.com\\\/de\\\/#website\"},\"primaryImageOfPage\":{\"@id\":\"https:\\\/\\\/hep-industrie.com\\\/de\\\/unternehmen\\\/#primaryimage\"},\"image\":{\"@id\":\"https:\\\/\\\/hep-industrie.com\\\/de\\\/unternehmen\\\/#primaryimage\"},\"thumbnailUrl\":\"https:\\\/\\\/hep-industrie.com\\\/wp-content\\\/uploads\\\/2021\\\/10\\\/DSC_8950.jpg\",\"datePublished\":\"2022-10-26T16:09:59+00:00\",\"dateModified\":\"2023-08-14T23:15:11+00:00\",\"description\":\"Entdecken Sie das Unternehmen HEP INDUSTRIE, seine Geschichte, seine Aktivit\u00e4ten, seine Werte, seine Engagements und Qualifizierungen.\",\"breadcrumb\":{\"@id\":\"https:\\\/\\\/hep-industrie.com\\\/de\\\/unternehmen\\\/#breadcrumb\"},\"inLanguage\":\"de\",\"potentialAction\":[{\"@type\":\"ReadAction\",\"target\":[\"https:\\\/\\\/hep-industrie.com\\\/de\\\/unternehmen\\\/\"]}]},{\"@type\":\"ImageObject\",\"inLanguage\":\"de\",\"@id\":\"https:\\\/\\\/hep-industrie.com\\\/de\\\/unternehmen\\\/#primaryimage\",\"url\":\"https:\\\/\\\/hep-industrie.com\\\/wp-content\\\/uploads\\\/2021\\\/10\\\/DSC_8950.jpg\",\"contentUrl\":\"https:\\\/\\\/hep-industrie.com\\\/wp-content\\\/uploads\\\/2021\\\/10\\\/DSC_8950.jpg\",\"width\":1075,\"height\":845},{\"@type\":\"BreadcrumbList\",\"@id\":\"https:\\\/\\\/hep-industrie.com\\\/de\\\/unternehmen\\\/#breadcrumb\",\"itemListElement\":[{\"@type\":\"ListItem\",\"position\":1,\"name\":\"Startseite\",\"item\":\"https:\\\/\\\/hep-industrie.com\\\/de\\\/hersteller-und-reparaturservice-fuer-hydraulikmaschinen\\\/\"},{\"@type\":\"ListItem\",\"position\":2,\"name\":\"Unternehmen\"}]},{\"@type\":\"WebSite\",\"@id\":\"https:\\\/\\\/hep-industrie.com\\\/de\\\/#website\",\"url\":\"https:\\\/\\\/hep-industrie.com\\\/de\\\/\",\"name\":\"HEP Industrie\",\"description\":\"Constructeur et r\u00e9parateur de machines hydrauliques\",\"publisher\":{\"@id\":\"https:\\\/\\\/hep-industrie.com\\\/de\\\/#organization\"},\"potentialAction\":[{\"@type\":\"SearchAction\",\"target\":{\"@type\":\"EntryPoint\",\"urlTemplate\":\"https:\\\/\\\/hep-industrie.com\\\/de\\\/?s={search_term_string}\"},\"query-input\":{\"@type\":\"PropertyValueSpecification\",\"valueRequired\":true,\"valueName\":\"search_term_string\"}}],\"inLanguage\":\"de\"},{\"@type\":\"Organization\",\"@id\":\"https:\\\/\\\/hep-industrie.com\\\/de\\\/#organization\",\"name\":\"hep industrie\",\"url\":\"https:\\\/\\\/hep-industrie.com\\\/de\\\/\",\"logo\":{\"@type\":\"ImageObject\",\"inLanguage\":\"de\",\"@id\":\"https:\\\/\\\/hep-industrie.com\\\/de\\\/#\\\/schema\\\/logo\\\/image\\\/\",\"url\":\"https:\\\/\\\/hep-industrie.com\\\/wp-content\\\/uploads\\\/2019\\\/09\\\/cropped-logo-hep-industrie.png\",\"contentUrl\":\"https:\\\/\\\/hep-industrie.com\\\/wp-content\\\/uploads\\\/2019\\\/09\\\/cropped-logo-hep-industrie.png\",\"width\":512,\"height\":512,\"caption\":\"hep industrie\"},\"image\":{\"@id\":\"https:\\\/\\\/hep-industrie.com\\\/de\\\/#\\\/schema\\\/logo\\\/image\\\/\"}}]}<\/script>\n<!-- \/ Yoast SEO plugin. -->","yoast_head_json":{"title":"Unternehmen - HEP Industrie","description":"Entdecken Sie das Unternehmen HEP INDUSTRIE, seine Geschichte, seine Aktivit\u00e4ten, seine Werte, seine Engagements und Qualifizierungen.","robots":{"index":"index","follow":"follow","max-snippet":"max-snippet:-1","max-image-preview":"max-image-preview:large","max-video-preview":"max-video-preview:-1"},"canonical":"https:\/\/hep-industrie.com\/de\/unternehmen\/","og_locale":"de_DE","og_type":"article","og_title":"Unternehmen - HEP Industrie","og_description":"Entdecken Sie das Unternehmen HEP INDUSTRIE, seine Geschichte, seine Aktivit\u00e4ten, seine Werte, seine Engagements und Qualifizierungen.","og_url":"https:\/\/hep-industrie.com\/de\/unternehmen\/","og_site_name":"HEP Industrie","article_modified_time":"2023-08-14T23:15:11+00:00","og_image":[{"width":1075,"height":845,"url":"https:\/\/hep-industrie.com\/wp-content\/uploads\/2021\/10\/DSC_8950.jpg","type":"image\/jpeg"}],"twitter_card":"summary_large_image","twitter_misc":{"Gesch\u00e4tzte Lesezeit":"3\u00a0Minuten"},"schema":{"@context":"https:\/\/schema.org","@graph":[{"@type":"WebPage","@id":"https:\/\/hep-industrie.com\/de\/unternehmen\/","url":"https:\/\/hep-industrie.com\/de\/unternehmen\/","name":"Unternehmen - HEP Industrie","isPartOf":{"@id":"https:\/\/hep-industrie.com\/de\/#website"},"primaryImageOfPage":{"@id":"https:\/\/hep-industrie.com\/de\/unternehmen\/#primaryimage"},"image":{"@id":"https:\/\/hep-industrie.com\/de\/unternehmen\/#primaryimage"},"thumbnailUrl":"https:\/\/hep-industrie.com\/wp-content\/uploads\/2021\/10\/DSC_8950.jpg","datePublished":"2022-10-26T16:09:59+00:00","dateModified":"2023-08-14T23:15:11+00:00","description":"Entdecken Sie das Unternehmen HEP INDUSTRIE, seine Geschichte, seine Aktivit\u00e4ten, seine Werte, seine Engagements und Qualifizierungen.","breadcrumb":{"@id":"https:\/\/hep-industrie.com\/de\/unternehmen\/#breadcrumb"},"inLanguage":"de","potentialAction":[{"@type":"ReadAction","target":["https:\/\/hep-industrie.com\/de\/unternehmen\/"]}]},{"@type":"ImageObject","inLanguage":"de","@id":"https:\/\/hep-industrie.com\/de\/unternehmen\/#primaryimage","url":"https:\/\/hep-industrie.com\/wp-content\/uploads\/2021\/10\/DSC_8950.jpg","contentUrl":"https:\/\/hep-industrie.com\/wp-content\/uploads\/2021\/10\/DSC_8950.jpg","width":1075,"height":845},{"@type":"BreadcrumbList","@id":"https:\/\/hep-industrie.com\/de\/unternehmen\/#breadcrumb","itemListElement":[{"@type":"ListItem","position":1,"name":"Startseite","item":"https:\/\/hep-industrie.com\/de\/hersteller-und-reparaturservice-fuer-hydraulikmaschinen\/"},{"@type":"ListItem","position":2,"name":"Unternehmen"}]},{"@type":"WebSite","@id":"https:\/\/hep-industrie.com\/de\/#website","url":"https:\/\/hep-industrie.com\/de\/","name":"HEP Industrie","description":"Constructeur et r\u00e9parateur de machines hydrauliques","publisher":{"@id":"https:\/\/hep-industrie.com\/de\/#organization"},"potentialAction":[{"@type":"SearchAction","target":{"@type":"EntryPoint","urlTemplate":"https:\/\/hep-industrie.com\/de\/?s={search_term_string}"},"query-input":{"@type":"PropertyValueSpecification","valueRequired":true,"valueName":"search_term_string"}}],"inLanguage":"de"},{"@type":"Organization","@id":"https:\/\/hep-industrie.com\/de\/#organization","name":"hep industrie","url":"https:\/\/hep-industrie.com\/de\/","logo":{"@type":"ImageObject","inLanguage":"de","@id":"https:\/\/hep-industrie.com\/de\/#\/schema\/logo\/image\/","url":"https:\/\/hep-industrie.com\/wp-content\/uploads\/2019\/09\/cropped-logo-hep-industrie.png","contentUrl":"https:\/\/hep-industrie.com\/wp-content\/uploads\/2019\/09\/cropped-logo-hep-industrie.png","width":512,"height":512,"caption":"hep industrie"},"image":{"@id":"https:\/\/hep-industrie.com\/de\/#\/schema\/logo\/image\/"}}]}},"_links":{"self":[{"href":"https:\/\/hep-industrie.com\/de\/wp-json\/wp\/v2\/pages\/10911","targetHints":{"allow":["GET"]}}],"collection":[{"href":"https:\/\/hep-industrie.com\/de\/wp-json\/wp\/v2\/pages"}],"about":[{"href":"https:\/\/hep-industrie.com\/de\/wp-json\/wp\/v2\/types\/page"}],"author":[{"embeddable":true,"href":"https:\/\/hep-industrie.com\/de\/wp-json\/wp\/v2\/users\/2"}],"replies":[{"embeddable":true,"href":"https:\/\/hep-industrie.com\/de\/wp-json\/wp\/v2\/comments?post=10911"}],"version-history":[{"count":14,"href":"https:\/\/hep-industrie.com\/de\/wp-json\/wp\/v2\/pages\/10911\/revisions"}],"predecessor-version":[{"id":13192,"href":"https:\/\/hep-industrie.com\/de\/wp-json\/wp\/v2\/pages\/10911\/revisions\/13192"}],"wp:featuredmedia":[{"embeddable":true,"href":"https:\/\/hep-industrie.com\/de\/wp-json\/wp\/v2\/media\/10780"}],"wp:attachment":[{"href":"https:\/\/hep-industrie.com\/de\/wp-json\/wp\/v2\/media?parent=10911"}],"wp:term":[{"taxonomy":"secteur-d-activite","embeddable":true,"href":"https:\/\/hep-industrie.com\/de\/wp-json\/wp\/v2\/secteur-d-activite?post=10911"}],"curies":[{"name":"wp","href":"https:\/\/api.w.org\/{rel}","templated":true}]}}