{"id":10883,"date":"2022-10-26T12:32:02","date_gmt":"2022-10-26T10:32:02","guid":{"rendered":"https:\/\/hep-industrie.com\/impressum-und-rechtliche-hinweise\/"},"modified":"2023-08-07T17:55:19","modified_gmt":"2023-08-07T15:55:19","slug":"impressum-und-rechtliche-hinweise","status":"publish","type":"page","link":"https:\/\/hep-industrie.com\/de\/impressum-und-rechtliche-hinweise\/","title":{"rendered":"IMPRESSUM UND RECHTLICHE HINWEISE"},"content":{"rendered":"<p>[et_pb_section fb_built=&#8220;1&#8243; _builder_version=&#8220;4.16&#8243; _module_preset=&#8220;default&#8220; custom_margin=&#8220;0px||||false|false&#8220; custom_padding=&#8220;0px||||false|false&#8220; global_colors_info=&#8220;{}&#8220;][et_pb_row _builder_version=&#8220;4.16&#8243; _module_preset=&#8220;default&#8220; custom_margin=&#8220;35px|auto||auto|false|false&#8220; global_colors_info=&#8220;{}&#8220;][et_pb_column type=&#8220;4_4&#8243; _builder_version=&#8220;4.16&#8243; _module_preset=&#8220;default&#8220; global_colors_info=&#8220;{}&#8220;][et_pb_text _builder_version=&#8220;4.16&#8243; _module_preset=&#8220;default&#8220; header_font_size=&#8220;21px&#8220; header_2_font_size=&#8220;21px&#8220; global_colors_info=&#8220;{}&#8220;]<\/p>\n<h2>Herausgeber der Website<\/h2>\n<p>[\/et_pb_text][et_pb_divider color=&#8220;#e30613&#8243; divider_weight=&#8220;5px&#8220; admin_label=&#8220;S\u00e9parateur&#8220; _builder_version=&#8220;4.16&#8243; _module_preset=&#8220;default&#8220; width=&#8220;12%&#8220; custom_margin=&#8220;-30px||||false|false&#8220; global_colors_info=&#8220;{}&#8220;][\/et_pb_divider][\/et_pb_column][\/et_pb_row][et_pb_row _builder_version=&#8220;4.16&#8243; _module_preset=&#8220;default&#8220; global_colors_info=&#8220;{}&#8220;][et_pb_column type=&#8220;4_4&#8243; _builder_version=&#8220;4.16&#8243; _module_preset=&#8220;default&#8220; global_colors_info=&#8220;{}&#8220;][et_pb_text _builder_version=&#8220;4.16&#8243; _module_preset=&#8220;default&#8220; global_colors_info=&#8220;{}&#8220;]<\/p>\n<p>HEP INDUSTRIE<\/p>\n<p>ZAC DE LA PALANQUE<\/p>\n<p>RUE AIME BOUCHAYE<\/p>\n<p>Frankreich<\/p>\n<p>Tel.: + 33 (0)5 62 36 06 66<\/p>\n<p>&nbsp;<\/p>\n<p>HEP INDUSTRIE ist eine vereinfachte Aktiengesellschaft mit einem Gesellschafter (SASU) und einem Kapital von 16.320 \u20ac.<\/p>\n<p>HReg. TARBES 398 517 896 00021<\/p>\n<p>APE: 3320B<\/p>\n<p>USt.-IDNr. FR 853 985 17\u00a0896<\/p>\n<p>&nbsp;<\/p>\n<p>Inhaltlich Verantwortlicher: Lionel APRAHAMIAN<\/p>\n<p>[\/et_pb_text][\/et_pb_column][\/et_pb_row][et_pb_row _builder_version=&#8220;4.16&#8243; _module_preset=&#8220;default&#8220; custom_margin=&#8220;35px|auto||auto|false|false&#8220; global_colors_info=&#8220;{}&#8220;][et_pb_column type=&#8220;4_4&#8243; _builder_version=&#8220;4.16&#8243; _module_preset=&#8220;default&#8220; global_colors_info=&#8220;{}&#8220;][et_pb_text _builder_version=&#8220;4.16&#8243; _module_preset=&#8220;default&#8220; header_font_size=&#8220;21px&#8220; header_2_font_size=&#8220;21px&#8220; global_colors_info=&#8220;{}&#8220;]<\/p>\n<h2>Hosting-Provider:<\/h2>\n<p>[\/et_pb_text][et_pb_divider color=&#8220;#e30613&#8243; divider_weight=&#8220;5px&#8220; admin_label=&#8220;S\u00e9parateur&#8220; _builder_version=&#8220;4.16&#8243; _module_preset=&#8220;default&#8220; width=&#8220;12%&#8220; custom_margin=&#8220;-30px||||false|false&#8220; global_colors_info=&#8220;{}&#8220;][\/et_pb_divider][\/et_pb_column][\/et_pb_row][et_pb_row _builder_version=&#8220;4.16&#8243; _module_preset=&#8220;default&#8220; global_colors_info=&#8220;{}&#8220;][et_pb_column type=&#8220;4_4&#8243; _builder_version=&#8220;4.16&#8243; _module_preset=&#8220;default&#8220; global_colors_info=&#8220;{}&#8220;][et_pb_text _builder_version=&#8220;4.19.1&#8243; _module_preset=&#8220;default&#8220; hover_enabled=&#8220;0&#8243; global_colors_info=&#8220;{}&#8220; sticky_enabled=&#8220;0&#8243;]<\/p>\n<p>OVH<\/p>\n<p>SAS mit einem Kapital von 10.069.020 \u20ac<\/p>\n<p>Hreg. Lille M\u00e9tropole 424 761 419 00045<\/p>\n<p>&nbsp;<\/p>\n<p>APE-Code 2620Z<\/p>\n<p>USt.-IDNr.: FR 22 424 761 419<\/p>\n<p>Hauptsitz: 2 rue Kellermann &#8211; 59100 Roubaix \u2013 Frankreich<\/p>\n<p>&nbsp;<\/p>\n<p>Die Website unterliegt franz\u00f6sischem Recht. Die gesamte Website unterliegt im Hinblick auf das Urheberrecht und geistige Eigentumsrechte franz\u00f6sischem und internationalem Recht.<\/p>\n<p>&nbsp;<\/p>\n<p>Nutzung der Daten der Website<\/p>\n<p>Der allgemeine Aufbau, sowie die in der Website enthaltenen Texte, Bilder und Tonelemente sind Eigentum des jeweiligen Verfassers. Alle Wiedergaberechte sind vorbehalten, einschlie\u00dflich f\u00fcr herunterladbare Dokumente, bildliche Darstellungen, Tonelemente und Fotografien. Jegliche Repr\u00e4sentation dieser Website oder einer bzw. mehrerer ihrer Bestandteile, auch auszugsweise und in welcher Form auch immer, ohne ausdr\u00fcckliche Genehmigung ihres Herausgebers ist untersagt und w\u00fcrde als Nachahmung betrachtet, die nach den Artikeln L335-2 ff. des franz\u00f6sischen Gesetzes \u00fcber geistiges Eigentum bestraft wird.<\/p>\n<p>Alle Angaben auf dieser Website dienen ausschlie\u00dflich der Information und k\u00f6nnen infolgedessen in keiner Weise als verbindliches Angebot aufgefasst werden. Es obliegt dem Kunden, angemessene Ma\u00dfnahmen zum Schutz seiner Daten und\/oder seiner Software vor Sch\u00e4digung durch Viren zu treffen, die im Internet kursieren. Allgemein haftet der Eigent\u00fcmer der Website nicht f\u00fcr eventuelle Sch\u00e4den, die w\u00e4hrend des Besuchs dieser Website entstanden sind.<\/p>\n<p>&nbsp;<\/p>\n<p>[\/et_pb_text][\/et_pb_column][\/et_pb_row][\/et_pb_section]<\/p>\n","protected":false},"excerpt":{"rendered":"<p>Herausgeber der WebsiteHEP INDUSTRIE ZAC DE LA PALANQUE RUE AIME BOUCHAYE Frankreich Tel.: + 33 (0)5 62 36 06 66 &nbsp; HEP INDUSTRIE ist eine vereinfachte Aktiengesellschaft mit einem Gesellschafter (SASU) und einem Kapital von 16.320 \u20ac. HReg. TARBES 398 517 896 00021 APE: 3320B USt.-IDNr. FR 853 985 17\u00a0896 &nbsp; Inhaltlich Verantwortlicher: Lionel APRAHAMIANHosting-Provider:OVH [&hellip;]<\/p>\n","protected":false},"author":3,"featured_media":10799,"parent":0,"menu_order":0,"comment_status":"closed","ping_status":"closed","template":"","meta":{"_et_pb_use_builder":"on","_et_pb_old_content":"","_et_gb_content_width":"","footnotes":""},"secteur-d-activite":[],"class_list":["post-10883","page","type-page","status-publish","has-post-thumbnail","hentry"],"yoast_head":"<!-- This site is optimized with the Yoast SEO plugin v27.4 - https:\/\/yoast.com\/product\/yoast-seo-wordpress\/ -->\n<title>IMPRESSUM UND RECHTLICHE HINWEISE - HEP Industrie<\/title>\n<meta name=\"description\" content=\"Informieren Sie sich \u00fcber die rechtlichen Hinweise zu unserer Website. Klicken Sie hier, um mehr zu erfahren...\" \/>\n<meta name=\"robots\" content=\"index, follow, max-snippet:-1, max-image-preview:large, max-video-preview:-1\" \/>\n<link rel=\"canonical\" href=\"https:\/\/hep-industrie.com\/de\/impressum-und-rechtliche-hinweise\/\" \/>\n<meta property=\"og:locale\" content=\"de_DE\" \/>\n<meta property=\"og:type\" content=\"article\" \/>\n<meta property=\"og:title\" content=\"IMPRESSUM UND RECHTLICHE HINWEISE - HEP Industrie\" \/>\n<meta property=\"og:description\" content=\"Informieren Sie sich \u00fcber die rechtlichen Hinweise zu unserer Website. Klicken Sie hier, um mehr zu erfahren...\" \/>\n<meta property=\"og:url\" content=\"https:\/\/hep-industrie.com\/de\/impressum-und-rechtliche-hinweise\/\" \/>\n<meta property=\"og:site_name\" content=\"HEP Industrie\" \/>\n<meta property=\"article:modified_time\" content=\"2023-08-07T15:55:19+00:00\" \/>\n<meta property=\"og:image\" content=\"https:\/\/hep-industrie.com\/wp-content\/uploads\/2019\/09\/cropped-logo-hep-industrie.png\" \/>\n\t<meta property=\"og:image:width\" content=\"512\" \/>\n\t<meta property=\"og:image:height\" content=\"512\" \/>\n\t<meta property=\"og:image:type\" content=\"image\/png\" \/>\n<meta name=\"twitter:card\" content=\"summary_large_image\" \/>\n<meta name=\"twitter:label1\" content=\"Gesch\u00e4tzte Lesezeit\" \/>\n\t<meta name=\"twitter:data1\" content=\"3\u00a0Minuten\" \/>\n<script type=\"application\/ld+json\" class=\"yoast-schema-graph\">{\"@context\":\"https:\\\/\\\/schema.org\",\"@graph\":[{\"@type\":\"WebPage\",\"@id\":\"https:\\\/\\\/hep-industrie.com\\\/de\\\/impressum-und-rechtliche-hinweise\\\/\",\"url\":\"https:\\\/\\\/hep-industrie.com\\\/de\\\/impressum-und-rechtliche-hinweise\\\/\",\"name\":\"IMPRESSUM UND RECHTLICHE HINWEISE - HEP Industrie\",\"isPartOf\":{\"@id\":\"https:\\\/\\\/hep-industrie.com\\\/de\\\/#website\"},\"primaryImageOfPage\":{\"@id\":\"https:\\\/\\\/hep-industrie.com\\\/de\\\/impressum-und-rechtliche-hinweise\\\/#primaryimage\"},\"image\":{\"@id\":\"https:\\\/\\\/hep-industrie.com\\\/de\\\/impressum-und-rechtliche-hinweise\\\/#primaryimage\"},\"thumbnailUrl\":\"https:\\\/\\\/hep-industrie.com\\\/wp-content\\\/uploads\\\/2019\\\/09\\\/cropped-logo-hep-industrie.png\",\"datePublished\":\"2022-10-26T10:32:02+00:00\",\"dateModified\":\"2023-08-07T15:55:19+00:00\",\"description\":\"Informieren Sie sich \u00fcber die rechtlichen Hinweise zu unserer Website. Klicken Sie hier, um mehr zu erfahren...\",\"breadcrumb\":{\"@id\":\"https:\\\/\\\/hep-industrie.com\\\/de\\\/impressum-und-rechtliche-hinweise\\\/#breadcrumb\"},\"inLanguage\":\"de\",\"potentialAction\":[{\"@type\":\"ReadAction\",\"target\":[\"https:\\\/\\\/hep-industrie.com\\\/de\\\/impressum-und-rechtliche-hinweise\\\/\"]}]},{\"@type\":\"ImageObject\",\"inLanguage\":\"de\",\"@id\":\"https:\\\/\\\/hep-industrie.com\\\/de\\\/impressum-und-rechtliche-hinweise\\\/#primaryimage\",\"url\":\"https:\\\/\\\/hep-industrie.com\\\/wp-content\\\/uploads\\\/2019\\\/09\\\/cropped-logo-hep-industrie.png\",\"contentUrl\":\"https:\\\/\\\/hep-industrie.com\\\/wp-content\\\/uploads\\\/2019\\\/09\\\/cropped-logo-hep-industrie.png\",\"width\":512,\"height\":512},{\"@type\":\"BreadcrumbList\",\"@id\":\"https:\\\/\\\/hep-industrie.com\\\/de\\\/impressum-und-rechtliche-hinweise\\\/#breadcrumb\",\"itemListElement\":[{\"@type\":\"ListItem\",\"position\":1,\"name\":\"Startseite\",\"item\":\"https:\\\/\\\/hep-industrie.com\\\/de\\\/hersteller-und-reparaturservice-fuer-hydraulikmaschinen\\\/\"},{\"@type\":\"ListItem\",\"position\":2,\"name\":\"IMPRESSUM UND RECHTLICHE HINWEISE\"}]},{\"@type\":\"WebSite\",\"@id\":\"https:\\\/\\\/hep-industrie.com\\\/de\\\/#website\",\"url\":\"https:\\\/\\\/hep-industrie.com\\\/de\\\/\",\"name\":\"HEP Industrie\",\"description\":\"Constructeur et r\u00e9parateur de machines hydrauliques\",\"publisher\":{\"@id\":\"https:\\\/\\\/hep-industrie.com\\\/de\\\/#organization\"},\"potentialAction\":[{\"@type\":\"SearchAction\",\"target\":{\"@type\":\"EntryPoint\",\"urlTemplate\":\"https:\\\/\\\/hep-industrie.com\\\/de\\\/?s={search_term_string}\"},\"query-input\":{\"@type\":\"PropertyValueSpecification\",\"valueRequired\":true,\"valueName\":\"search_term_string\"}}],\"inLanguage\":\"de\"},{\"@type\":\"Organization\",\"@id\":\"https:\\\/\\\/hep-industrie.com\\\/de\\\/#organization\",\"name\":\"hep industrie\",\"url\":\"https:\\\/\\\/hep-industrie.com\\\/de\\\/\",\"logo\":{\"@type\":\"ImageObject\",\"inLanguage\":\"de\",\"@id\":\"https:\\\/\\\/hep-industrie.com\\\/de\\\/#\\\/schema\\\/logo\\\/image\\\/\",\"url\":\"https:\\\/\\\/hep-industrie.com\\\/wp-content\\\/uploads\\\/2019\\\/09\\\/cropped-logo-hep-industrie.png\",\"contentUrl\":\"https:\\\/\\\/hep-industrie.com\\\/wp-content\\\/uploads\\\/2019\\\/09\\\/cropped-logo-hep-industrie.png\",\"width\":512,\"height\":512,\"caption\":\"hep industrie\"},\"image\":{\"@id\":\"https:\\\/\\\/hep-industrie.com\\\/de\\\/#\\\/schema\\\/logo\\\/image\\\/\"}}]}<\/script>\n<!-- \/ Yoast SEO plugin. -->","yoast_head_json":{"title":"IMPRESSUM UND RECHTLICHE HINWEISE - HEP Industrie","description":"Informieren Sie sich \u00fcber die rechtlichen Hinweise zu unserer Website. Klicken Sie hier, um mehr zu erfahren...","robots":{"index":"index","follow":"follow","max-snippet":"max-snippet:-1","max-image-preview":"max-image-preview:large","max-video-preview":"max-video-preview:-1"},"canonical":"https:\/\/hep-industrie.com\/de\/impressum-und-rechtliche-hinweise\/","og_locale":"de_DE","og_type":"article","og_title":"IMPRESSUM UND RECHTLICHE HINWEISE - HEP Industrie","og_description":"Informieren Sie sich \u00fcber die rechtlichen Hinweise zu unserer Website. Klicken Sie hier, um mehr zu erfahren...","og_url":"https:\/\/hep-industrie.com\/de\/impressum-und-rechtliche-hinweise\/","og_site_name":"HEP Industrie","article_modified_time":"2023-08-07T15:55:19+00:00","og_image":[{"width":512,"height":512,"url":"https:\/\/hep-industrie.com\/wp-content\/uploads\/2019\/09\/cropped-logo-hep-industrie.png","type":"image\/png"}],"twitter_card":"summary_large_image","twitter_misc":{"Gesch\u00e4tzte Lesezeit":"3\u00a0Minuten"},"schema":{"@context":"https:\/\/schema.org","@graph":[{"@type":"WebPage","@id":"https:\/\/hep-industrie.com\/de\/impressum-und-rechtliche-hinweise\/","url":"https:\/\/hep-industrie.com\/de\/impressum-und-rechtliche-hinweise\/","name":"IMPRESSUM UND RECHTLICHE HINWEISE - HEP Industrie","isPartOf":{"@id":"https:\/\/hep-industrie.com\/de\/#website"},"primaryImageOfPage":{"@id":"https:\/\/hep-industrie.com\/de\/impressum-und-rechtliche-hinweise\/#primaryimage"},"image":{"@id":"https:\/\/hep-industrie.com\/de\/impressum-und-rechtliche-hinweise\/#primaryimage"},"thumbnailUrl":"https:\/\/hep-industrie.com\/wp-content\/uploads\/2019\/09\/cropped-logo-hep-industrie.png","datePublished":"2022-10-26T10:32:02+00:00","dateModified":"2023-08-07T15:55:19+00:00","description":"Informieren Sie sich \u00fcber die rechtlichen Hinweise zu unserer Website. Klicken Sie hier, um mehr zu erfahren...","breadcrumb":{"@id":"https:\/\/hep-industrie.com\/de\/impressum-und-rechtliche-hinweise\/#breadcrumb"},"inLanguage":"de","potentialAction":[{"@type":"ReadAction","target":["https:\/\/hep-industrie.com\/de\/impressum-und-rechtliche-hinweise\/"]}]},{"@type":"ImageObject","inLanguage":"de","@id":"https:\/\/hep-industrie.com\/de\/impressum-und-rechtliche-hinweise\/#primaryimage","url":"https:\/\/hep-industrie.com\/wp-content\/uploads\/2019\/09\/cropped-logo-hep-industrie.png","contentUrl":"https:\/\/hep-industrie.com\/wp-content\/uploads\/2019\/09\/cropped-logo-hep-industrie.png","width":512,"height":512},{"@type":"BreadcrumbList","@id":"https:\/\/hep-industrie.com\/de\/impressum-und-rechtliche-hinweise\/#breadcrumb","itemListElement":[{"@type":"ListItem","position":1,"name":"Startseite","item":"https:\/\/hep-industrie.com\/de\/hersteller-und-reparaturservice-fuer-hydraulikmaschinen\/"},{"@type":"ListItem","position":2,"name":"IMPRESSUM UND RECHTLICHE HINWEISE"}]},{"@type":"WebSite","@id":"https:\/\/hep-industrie.com\/de\/#website","url":"https:\/\/hep-industrie.com\/de\/","name":"HEP Industrie","description":"Constructeur et r\u00e9parateur de machines hydrauliques","publisher":{"@id":"https:\/\/hep-industrie.com\/de\/#organization"},"potentialAction":[{"@type":"SearchAction","target":{"@type":"EntryPoint","urlTemplate":"https:\/\/hep-industrie.com\/de\/?s={search_term_string}"},"query-input":{"@type":"PropertyValueSpecification","valueRequired":true,"valueName":"search_term_string"}}],"inLanguage":"de"},{"@type":"Organization","@id":"https:\/\/hep-industrie.com\/de\/#organization","name":"hep industrie","url":"https:\/\/hep-industrie.com\/de\/","logo":{"@type":"ImageObject","inLanguage":"de","@id":"https:\/\/hep-industrie.com\/de\/#\/schema\/logo\/image\/","url":"https:\/\/hep-industrie.com\/wp-content\/uploads\/2019\/09\/cropped-logo-hep-industrie.png","contentUrl":"https:\/\/hep-industrie.com\/wp-content\/uploads\/2019\/09\/cropped-logo-hep-industrie.png","width":512,"height":512,"caption":"hep industrie"},"image":{"@id":"https:\/\/hep-industrie.com\/de\/#\/schema\/logo\/image\/"}}]}},"_links":{"self":[{"href":"https:\/\/hep-industrie.com\/de\/wp-json\/wp\/v2\/pages\/10883","targetHints":{"allow":["GET"]}}],"collection":[{"href":"https:\/\/hep-industrie.com\/de\/wp-json\/wp\/v2\/pages"}],"about":[{"href":"https:\/\/hep-industrie.com\/de\/wp-json\/wp\/v2\/types\/page"}],"author":[{"embeddable":true,"href":"https:\/\/hep-industrie.com\/de\/wp-json\/wp\/v2\/users\/3"}],"replies":[{"embeddable":true,"href":"https:\/\/hep-industrie.com\/de\/wp-json\/wp\/v2\/comments?post=10883"}],"version-history":[{"count":12,"href":"https:\/\/hep-industrie.com\/de\/wp-json\/wp\/v2\/pages\/10883\/revisions"}],"predecessor-version":[{"id":13076,"href":"https:\/\/hep-industrie.com\/de\/wp-json\/wp\/v2\/pages\/10883\/revisions\/13076"}],"wp:featuredmedia":[{"embeddable":true,"href":"https:\/\/hep-industrie.com\/de\/wp-json\/wp\/v2\/media\/10799"}],"wp:attachment":[{"href":"https:\/\/hep-industrie.com\/de\/wp-json\/wp\/v2\/media?parent=10883"}],"wp:term":[{"taxonomy":"secteur-d-activite","embeddable":true,"href":"https:\/\/hep-industrie.com\/de\/wp-json\/wp\/v2\/secteur-d-activite?post=10883"}],"curies":[{"name":"wp","href":"https:\/\/api.w.org\/{rel}","templated":true}]}}